{"id":999,"date":"2020-10-20T16:51:55","date_gmt":"2020-10-20T16:51:55","guid":{"rendered":"https:\/\/supermatroidheater.com\/?page_id=999"},"modified":"2023-12-05T12:31:11","modified_gmt":"2023-12-05T11:31:11","slug":"sobre-nakasawa-resources","status":"publish","type":"page","link":"https:\/\/supermatroidheater.com\/es\/sobre-nakasawa-resources\/","title":{"rendered":"Sobre Nakasawa Resources"},"content":{"rendered":"<div class=\"wpb-content-wrapper\"><p>[vc_row css=&#8221;.vc_custom_1603229080425{margin-top: 20rem !important;}&#8221;][vc_column][vc_custom_heading text=&#8221;SOBRE NAKASAWA RESOURCES&#8221; font_container=&#8221;tag:h2|text_align:center|color:%230b3254&#8243; use_theme_fonts=&#8221;yes&#8221;][vc_empty_space height=&#8221;30&#8243;][\/vc_column][\/vc_row][vc_row equal_height=&#8221;yes&#8221; content_placement=&#8221;middle&#8221; css=&#8221;.vc_custom_1605900010651{padding-right: 10px !important;padding-left: 10px !important;}&#8221;][vc_column width=&#8221;1\/2&#8243;][vc_empty_space height=&#8221;50&#8243;][vc_column_text el_class=&#8221;texto_justificado&#8221;]<span style=\"font-weight: 400;\">Nakasawa Resources, fundada en el 2001, es una compa\u00f1\u00eda global, l\u00edder en tecnolog\u00eda upstream para el desarrollo de la producci\u00f3n de petr\u00f3leo y gas.\u00a0<\/span><\/p>\n<p><span style=\"font-weight: 400;\">Desde sus inicios, Nakasawa se ha orientado por un principio fundamental; la eficiencia, abordando las necesidades de la recuperaci\u00f3n mejorada de petr\u00f3leo (EOR), mediante el dise\u00f1o el desarrollo y la fabricaci\u00f3n de tecnolog\u00edas innovadoras, que ayudan a alcanzar y recuperar m\u00e1s petr\u00f3leo, proporcionando la combinaci\u00f3n correcta de productos, servicios y experiencia para administrar proyectos de dise\u00f1o e ingenier\u00eda de aplicaciones de inyecci\u00f3n de vapor y tratamiento de agua.<\/span>[\/vc_column_text][vc_btn title=&#8221;IR A LA WEB DE NAKASAWA&#8221; style=&#8221;outline-custom&#8221; outline_custom_color=&#8221;#0b3254&#8243; outline_custom_hover_background=&#8221;#0b3254&#8243; outline_custom_hover_text=&#8221;#ffffff&#8221; shape=&#8221;square&#8221; align=&#8221;right&#8221; link=&#8221;url:https%3A%2F%2Fwww.nakasawaresources.com%2Fes%2F||target:%20_blank|&#8221;][\/vc_column][vc_column width=&#8221;1\/2&#8243; css=&#8221;.vc_custom_1603312818128{background-image: url(https:\/\/supermatroidheater.com\/wp-content\/uploads\/2020\/10\/LSH_8661-scaled.jpg?id=1105) !important;background-position: center !important;background-repeat: no-repeat !important;background-size: cover !important;}&#8221;][vc_empty_space height=&#8221;400px&#8221;][\/vc_column][\/vc_row][vc_row equal_height=&#8221;yes&#8221; content_placement=&#8221;middle&#8221; css=&#8221;.vc_custom_1605900035714{padding-right: 10px !important;padding-left: 10px !important;}&#8221;][vc_column width=&#8221;1\/2&#8243; css=&#8221;.vc_custom_1605658874796{background-image: url(https:\/\/supermatroidheater.com\/wp-content\/uploads\/2020\/10\/IMG_28.jpeg?id=988) !important;background-position: center !important;background-repeat: no-repeat !important;background-size: cover !important;}&#8221;][vc_empty_space height=&#8221;400px&#8221;][\/vc_column][vc_column width=&#8221;1\/2&#8243; css=&#8221;.vc_custom_1605658863736{background-position: center !important;background-repeat: no-repeat !important;background-size: cover !important;}&#8221;][vc_empty_space height=&#8221;50&#8243;][vc_column_text el_class=&#8221;texto_justificado&#8221;]<span style=\"font-weight: 400;\">Nakasawa cuenta con un equipo de profesionales de primer nivel, expertos en ingenier\u00eda multidisciplinaria. dise\u00f1o de equipo de generaci\u00f3n de vapor, sistema de levantamiento artificial, implementaci\u00f3n \/ monitoreo de Petr\u00f3leo mejorado, proyectos de recuperaci\u00f3n, operaci\u00f3n de campo y desarrollo de proyectos t\u00e9rmicos.\u00a0<\/span><\/p>\n<p><span style=\"font-weight: 400;\">A esto lo acompa\u00f1an importantes operaciones de fabricaci\u00f3n en los Estados Unidos, Canad\u00e1 y China, lo que permite administrar exitosamente proyectos a gran escala, desde su dise\u00f1o hasta su conclusi\u00f3n y mantenimiento. Adem\u00e1s, la compa\u00f1\u00eda tambi\u00e9n es reconocida por su labor continu\u00f3 en varios pa\u00edses de Am\u00e9rica Latina, entre ellos Venezuela, Colombia.<\/span>[\/vc_column_text][vc_btn title=&#8221;IR A LA WEB DE NAKASAWA&#8221; style=&#8221;outline-custom&#8221; outline_custom_color=&#8221;#0b3254&#8243; outline_custom_hover_background=&#8221;#0b3254&#8243; outline_custom_hover_text=&#8221;#ffffff&#8221; shape=&#8221;square&#8221; align=&#8221;right&#8221; link=&#8221;url:https%3A%2F%2Fwww.nakasawaresources.com%2Fes%2F||target:%20_blank|&#8221;][\/vc_column][\/vc_row][vc_row css=&#8221;.vc_custom_1605900104157{margin-top: 50px !important;margin-bottom: 50px !important;padding-right: 10px !important;padding-left: 10px !important;}&#8221;][vc_column][vc_custom_heading text=&#8221;NAKASAWA MULTIDISCIPLINARIO&#8221; font_container=&#8221;tag:h3|text_align:left|color:%230b3254&#8243; use_theme_fonts=&#8221;yes&#8221;][vc_separator color=&#8221;custom&#8221; align=&#8221;align_left&#8221; el_width=&#8221;40&#8243; css_animation=&#8221;fadeInLeft&#8221; accent_color=&#8221;#0b3254&#8243;][vc_empty_space height=&#8221;15&#8243;][vc_column_text el_class=&#8221;texto_justificado&#8221;]<span style=\"font-weight: 400;\">Nakasawa ha hecho inversiones significativas para asegurar que cada divisi\u00f3n tenga sus propios expertos, equipos, l\u00edderes, y supervisores de control de calidad. Como resultado, la empresa se enorgullece de su habilidad para ampliar su aprendizaje y aplicarlo en cualquiera de sus divisiones.<\/span>[\/vc_column_text][vc_btn title=&#8221;IR A LA WEB DE NAKASAWA&#8221; style=&#8221;outline-custom&#8221; outline_custom_color=&#8221;#0b3254&#8243; outline_custom_hover_background=&#8221;#0b3254&#8243; outline_custom_hover_text=&#8221;#ffffff&#8221; shape=&#8221;square&#8221; align=&#8221;right&#8221; link=&#8221;url:https%3A%2F%2Fwww.nakasawaresources.com%2Fes%2F||target:%20_blank|&#8221;][\/vc_column][\/vc_row][vc_row css=&#8221;.vc_custom_1603234080482{margin-bottom: 50px !important;padding-top: 5rem !important;padding-right: 5rem !important;padding-bottom: 5rem !important;padding-left: 5rem !important;background-color: #444444 !important;}&#8221;][vc_column][vc_row_inner][vc_column_inner width=&#8221;1\/2&#8243;][apus_gallery columns=&#8221;3&#8243; style=&#8221;style1&#8243; images=&#8221;2465,988,2455,2488,2479,2532,2467,2481,2490,2534,2473,2471,2475&#8243;][\/vc_column_inner][vc_column_inner width=&#8221;1\/2&#8243; css=&#8221;.vc_custom_1611167642450{margin-top: 15px !important;padding-right: 15px !important;padding-left: 15px !important;}&#8221;][vc_custom_heading text=&#8221;Nakasawa ha participado en la construcci\u00f3n de 63 equipos de Generaci\u00f3n de vapor.&#8221; font_container=&#8221;tag:p|text_align:left|color:%23ffffff&#8221; use_theme_fonts=&#8221;yes&#8221;][vc_custom_heading text=&#8221;Actualmente se tienen 4 equipos de 95% calidad con la tecnolog\u00eda SMH instalados en China.&#8221; font_container=&#8221;tag:p|text_align:left|color:%23ffffff&#8221; use_theme_fonts=&#8221;yes&#8221;][vc_custom_heading text=&#8221;Los equipos no han presentado ning\u00fan tipo de problema y se le ha garantizado al cliente el 95% de calidad, mejorando los tiempos de inyecci\u00f3n, menos mantenimiento.&#8221; font_container=&#8221;tag:p|text_align:left|color:%23ffffff&#8221; use_theme_fonts=&#8221;yes&#8221;][vc_custom_heading text=&#8221;No se crean efluentes, ni s\u00f3lidos extras en comparaci\u00f3n a las tecnolog\u00edas convencionales, no se forma Incrustaciones ni otros.&#8221; font_container=&#8221;tag:p|text_align:left|color:%23ffffff&#8221; use_theme_fonts=&#8221;yes&#8221;][\/vc_column_inner][\/vc_row_inner][\/vc_column][\/vc_row]<\/p>\n<\/div>","protected":false},"excerpt":{"rendered":"<p>[vc_row css=&#8221;.vc_custom_1603229080425{margin-top: 20rem !important;}&#8221;][vc_column][vc_custom_heading text=&#8221;SOBRE NAKASAWA RESOURCES&#8221; font_container=&#8221;tag:h2|text_align:center|color:%230b3254&#8243; use_theme_fonts=&#8221;yes&#8221;][vc_empty_space height=&#8221;30&#8243;][\/vc_column][\/vc_row][vc_row equal_height=&#8221;yes&#8221; content_placement=&#8221;middle&#8221; css=&#8221;.vc_custom_1605900010651{padding-right: 10px !important;padding-left: 10px !important;}&#8221;][vc_column width=&#8221;1\/2&#8243;][vc_empty_space height=&#8221;50&#8243;][vc_column_text el_class=&#8221;texto_justificado&#8221;]Nakasawa Resources, fundada en el 2001, es una compa\u00f1\u00eda global, l\u00edder en tecnolog\u00eda upstream para el desarrollo de la producci\u00f3n de petr\u00f3leo y gas.\u00a0 Desde sus inicios, Nakasawa se ha orientado por un principio fundamental; la &hellip; <\/br><a href=\"https:\/\/supermatroidheater.com\/es\/sobre-nakasawa-resources\/\" class=\"more-link\">Continue reading <span class=\"screen-reader-text\">Sobre Nakasawa Resources<\/span> <i class=\"fa fa-long-arrow-right\"><\/i><\/a><\/p>\n","protected":false},"author":2,"featured_media":0,"parent":0,"menu_order":0,"comment_status":"closed","ping_status":"closed","template":"","meta":{"nf_dc_page":"","footnotes":""},"class_list":["post-999","page","type-page","status-publish","hentry"],"yoast_head":"<!-- This site is optimized with the Yoast SEO plugin v27.4 - https:\/\/yoast.com\/product\/yoast-seo-wordpress\/ -->\n<title>Sobre Nakasawa Resources - Super Matroid Heater<\/title>\n<meta name=\"description\" content=\"L\u00edder de tecnolog\u00eda upstream para la producci\u00f3n global de petr\u00f3leo mediante el dise\u00f1o, desarrollo y fabricaci\u00f3n de tecnolog\u00edas de vanguardia.\" \/>\n<meta name=\"robots\" content=\"index, follow, max-snippet:-1, max-image-preview:large, max-video-preview:-1\" \/>\n<link rel=\"canonical\" href=\"https:\/\/supermatroidheater.com\/es\/sobre-nakasawa-resources\/\" \/>\n<meta property=\"og:locale\" content=\"es_ES\" \/>\n<meta property=\"og:type\" content=\"article\" \/>\n<meta property=\"og:title\" content=\"Sobre Nakasawa Resources - Super Matroid Heater\" \/>\n<meta property=\"og:description\" content=\"L\u00edder de tecnolog\u00eda upstream para la producci\u00f3n global de petr\u00f3leo mediante el dise\u00f1o, desarrollo y fabricaci\u00f3n de tecnolog\u00edas de vanguardia.\" \/>\n<meta property=\"og:url\" content=\"https:\/\/supermatroidheater.com\/es\/sobre-nakasawa-resources\/\" \/>\n<meta property=\"og:site_name\" content=\"Super Matroid Heater\" \/>\n<meta property=\"article:modified_time\" content=\"2023-12-05T11:31:11+00:00\" \/>\n<meta property=\"og:image\" content=\"https:\/\/supermatroidheater.com\/wp-content\/uploads\/2020\/10\/LSH_8661-scaled.jpg\" \/>\n\t<meta property=\"og:image:width\" content=\"2560\" \/>\n\t<meta property=\"og:image:height\" content=\"1703\" \/>\n\t<meta property=\"og:image:type\" content=\"image\/jpeg\" \/>\n<meta name=\"twitter:card\" content=\"summary_large_image\" \/>\n<meta name=\"twitter:title\" content=\"Sobre Nakasawa Resources - Super Matroid Heater\" \/>\n<meta name=\"twitter:description\" content=\"L\u00edder de tecnolog\u00eda upstream para la producci\u00f3n global de petr\u00f3leo mediante el dise\u00f1o, desarrollo y fabricaci\u00f3n de tecnolog\u00edas de vanguardia.\" \/>\n<meta name=\"twitter:image\" content=\"https:\/\/supermatroidheater.com\/wp-content\/uploads\/2020\/10\/LSH_8661-scaled.jpg\" \/>\n<meta name=\"twitter:label1\" content=\"Tiempo de lectura\" \/>\n\t<meta name=\"twitter:data1\" content=\"2 minutos\" \/>\n<script type=\"application\/ld+json\" class=\"yoast-schema-graph\">{\"@context\":\"https:\\\/\\\/schema.org\",\"@graph\":[{\"@type\":\"WebPage\",\"@id\":\"https:\\\/\\\/supermatroidheater.com\\\/es\\\/sobre-nakasawa-resources\\\/\",\"url\":\"https:\\\/\\\/supermatroidheater.com\\\/es\\\/sobre-nakasawa-resources\\\/\",\"name\":\"Sobre Nakasawa Resources - Super Matroid Heater\",\"isPartOf\":{\"@id\":\"https:\\\/\\\/supermatroidheater.com\\\/es\\\/#website\"},\"datePublished\":\"2020-10-20T16:51:55+00:00\",\"dateModified\":\"2023-12-05T11:31:11+00:00\",\"description\":\"L\u00edder de tecnolog\u00eda upstream para la producci\u00f3n global de petr\u00f3leo mediante el dise\u00f1o, desarrollo y fabricaci\u00f3n de tecnolog\u00edas de vanguardia.\",\"breadcrumb\":{\"@id\":\"https:\\\/\\\/supermatroidheater.com\\\/es\\\/sobre-nakasawa-resources\\\/#breadcrumb\"},\"inLanguage\":\"es\",\"potentialAction\":[{\"@type\":\"ReadAction\",\"target\":[\"https:\\\/\\\/supermatroidheater.com\\\/es\\\/sobre-nakasawa-resources\\\/\"]}]},{\"@type\":\"BreadcrumbList\",\"@id\":\"https:\\\/\\\/supermatroidheater.com\\\/es\\\/sobre-nakasawa-resources\\\/#breadcrumb\",\"itemListElement\":[{\"@type\":\"ListItem\",\"position\":1,\"name\":\"Portada\",\"item\":\"https:\\\/\\\/supermatroidheater.com\\\/es\\\/\"},{\"@type\":\"ListItem\",\"position\":2,\"name\":\"Sobre Nakasawa Resources\"}]},{\"@type\":\"WebSite\",\"@id\":\"https:\\\/\\\/supermatroidheater.com\\\/es\\\/#website\",\"url\":\"https:\\\/\\\/supermatroidheater.com\\\/es\\\/\",\"name\":\"Super Matroid Heater\",\"description\":\"Super Matroid Heater \u00faltima tecnolog\u00eda de Nakasawa para optimizar la recuperaci\u00f3n de petr\u00f3leo durante todo el proceso de producci\u00f3n frente a un OTSG convencional\",\"publisher\":{\"@id\":\"https:\\\/\\\/supermatroidheater.com\\\/es\\\/#organization\"},\"potentialAction\":[{\"@type\":\"SearchAction\",\"target\":{\"@type\":\"EntryPoint\",\"urlTemplate\":\"https:\\\/\\\/supermatroidheater.com\\\/es\\\/?s={search_term_string}\"},\"query-input\":{\"@type\":\"PropertyValueSpecification\",\"valueRequired\":true,\"valueName\":\"search_term_string\"}}],\"inLanguage\":\"es\"},{\"@type\":\"Organization\",\"@id\":\"https:\\\/\\\/supermatroidheater.com\\\/es\\\/#organization\",\"name\":\"Super Matroid\",\"url\":\"https:\\\/\\\/supermatroidheater.com\\\/es\\\/\",\"logo\":{\"@type\":\"ImageObject\",\"inLanguage\":\"es\",\"@id\":\"https:\\\/\\\/supermatroidheater.com\\\/es\\\/#\\\/schema\\\/logo\\\/image\\\/\",\"url\":\"https:\\\/\\\/supermatroidheater.com\\\/wp-content\\\/uploads\\\/2020\\\/10\\\/Super-Matroid.jpg\",\"contentUrl\":\"https:\\\/\\\/supermatroidheater.com\\\/wp-content\\\/uploads\\\/2020\\\/10\\\/Super-Matroid.jpg\",\"width\":1908,\"height\":891,\"caption\":\"Super Matroid\"},\"image\":{\"@id\":\"https:\\\/\\\/supermatroidheater.com\\\/es\\\/#\\\/schema\\\/logo\\\/image\\\/\"},\"sameAs\":[\"https:\\\/\\\/www.instagram.com\\\/nakasawaresources_eor\\\/\",\"https:\\\/\\\/www.linkedin.com\\\/company\\\/nakasawaresources\\\/\",\"https:\\\/\\\/www.youtube.com\\\/channel\\\/UCQ_asGVhgUF22xXBg7wqF2g\\\/featured\"]}]}<\/script>\n<!-- \/ Yoast SEO plugin. -->","yoast_head_json":{"title":"Sobre Nakasawa Resources - Super Matroid Heater","description":"L\u00edder de tecnolog\u00eda upstream para la producci\u00f3n global de petr\u00f3leo mediante el dise\u00f1o, desarrollo y fabricaci\u00f3n de tecnolog\u00edas de vanguardia.","robots":{"index":"index","follow":"follow","max-snippet":"max-snippet:-1","max-image-preview":"max-image-preview:large","max-video-preview":"max-video-preview:-1"},"canonical":"https:\/\/supermatroidheater.com\/es\/sobre-nakasawa-resources\/","og_locale":"es_ES","og_type":"article","og_title":"Sobre Nakasawa Resources - Super Matroid Heater","og_description":"L\u00edder de tecnolog\u00eda upstream para la producci\u00f3n global de petr\u00f3leo mediante el dise\u00f1o, desarrollo y fabricaci\u00f3n de tecnolog\u00edas de vanguardia.","og_url":"https:\/\/supermatroidheater.com\/es\/sobre-nakasawa-resources\/","og_site_name":"Super Matroid Heater","article_modified_time":"2023-12-05T11:31:11+00:00","og_image":[{"width":2560,"height":1703,"url":"https:\/\/supermatroidheater.com\/wp-content\/uploads\/2020\/10\/LSH_8661-scaled.jpg","type":"image\/jpeg"}],"twitter_card":"summary_large_image","twitter_title":"Sobre Nakasawa Resources - Super Matroid Heater","twitter_description":"L\u00edder de tecnolog\u00eda upstream para la producci\u00f3n global de petr\u00f3leo mediante el dise\u00f1o, desarrollo y fabricaci\u00f3n de tecnolog\u00edas de vanguardia.","twitter_image":"https:\/\/supermatroidheater.com\/wp-content\/uploads\/2020\/10\/LSH_8661-scaled.jpg","twitter_misc":{"Tiempo de lectura":"2 minutos"},"schema":{"@context":"https:\/\/schema.org","@graph":[{"@type":"WebPage","@id":"https:\/\/supermatroidheater.com\/es\/sobre-nakasawa-resources\/","url":"https:\/\/supermatroidheater.com\/es\/sobre-nakasawa-resources\/","name":"Sobre Nakasawa Resources - Super Matroid Heater","isPartOf":{"@id":"https:\/\/supermatroidheater.com\/es\/#website"},"datePublished":"2020-10-20T16:51:55+00:00","dateModified":"2023-12-05T11:31:11+00:00","description":"L\u00edder de tecnolog\u00eda upstream para la producci\u00f3n global de petr\u00f3leo mediante el dise\u00f1o, desarrollo y fabricaci\u00f3n de tecnolog\u00edas de vanguardia.","breadcrumb":{"@id":"https:\/\/supermatroidheater.com\/es\/sobre-nakasawa-resources\/#breadcrumb"},"inLanguage":"es","potentialAction":[{"@type":"ReadAction","target":["https:\/\/supermatroidheater.com\/es\/sobre-nakasawa-resources\/"]}]},{"@type":"BreadcrumbList","@id":"https:\/\/supermatroidheater.com\/es\/sobre-nakasawa-resources\/#breadcrumb","itemListElement":[{"@type":"ListItem","position":1,"name":"Portada","item":"https:\/\/supermatroidheater.com\/es\/"},{"@type":"ListItem","position":2,"name":"Sobre Nakasawa Resources"}]},{"@type":"WebSite","@id":"https:\/\/supermatroidheater.com\/es\/#website","url":"https:\/\/supermatroidheater.com\/es\/","name":"Super Matroid Heater","description":"Super Matroid Heater \u00faltima tecnolog\u00eda de Nakasawa para optimizar la recuperaci\u00f3n de petr\u00f3leo durante todo el proceso de producci\u00f3n frente a un OTSG convencional","publisher":{"@id":"https:\/\/supermatroidheater.com\/es\/#organization"},"potentialAction":[{"@type":"SearchAction","target":{"@type":"EntryPoint","urlTemplate":"https:\/\/supermatroidheater.com\/es\/?s={search_term_string}"},"query-input":{"@type":"PropertyValueSpecification","valueRequired":true,"valueName":"search_term_string"}}],"inLanguage":"es"},{"@type":"Organization","@id":"https:\/\/supermatroidheater.com\/es\/#organization","name":"Super Matroid","url":"https:\/\/supermatroidheater.com\/es\/","logo":{"@type":"ImageObject","inLanguage":"es","@id":"https:\/\/supermatroidheater.com\/es\/#\/schema\/logo\/image\/","url":"https:\/\/supermatroidheater.com\/wp-content\/uploads\/2020\/10\/Super-Matroid.jpg","contentUrl":"https:\/\/supermatroidheater.com\/wp-content\/uploads\/2020\/10\/Super-Matroid.jpg","width":1908,"height":891,"caption":"Super Matroid"},"image":{"@id":"https:\/\/supermatroidheater.com\/es\/#\/schema\/logo\/image\/"},"sameAs":["https:\/\/www.instagram.com\/nakasawaresources_eor\/","https:\/\/www.linkedin.com\/company\/nakasawaresources\/","https:\/\/www.youtube.com\/channel\/UCQ_asGVhgUF22xXBg7wqF2g\/featured"]}]}},"_links":{"self":[{"href":"https:\/\/supermatroidheater.com\/es\/wp-json\/wp\/v2\/pages\/999","targetHints":{"allow":["GET"]}}],"collection":[{"href":"https:\/\/supermatroidheater.com\/es\/wp-json\/wp\/v2\/pages"}],"about":[{"href":"https:\/\/supermatroidheater.com\/es\/wp-json\/wp\/v2\/types\/page"}],"author":[{"embeddable":true,"href":"https:\/\/supermatroidheater.com\/es\/wp-json\/wp\/v2\/users\/2"}],"replies":[{"embeddable":true,"href":"https:\/\/supermatroidheater.com\/es\/wp-json\/wp\/v2\/comments?post=999"}],"version-history":[{"count":31,"href":"https:\/\/supermatroidheater.com\/es\/wp-json\/wp\/v2\/pages\/999\/revisions"}],"predecessor-version":[{"id":2544,"href":"https:\/\/supermatroidheater.com\/es\/wp-json\/wp\/v2\/pages\/999\/revisions\/2544"}],"wp:attachment":[{"href":"https:\/\/supermatroidheater.com\/es\/wp-json\/wp\/v2\/media?parent=999"}],"curies":[{"name":"wp","href":"https:\/\/api.w.org\/{rel}","templated":true}]}}