{"id":979,"date":"2020-10-19T21:19:02","date_gmt":"2020-10-19T21:19:02","guid":{"rendered":"https:\/\/supermatroidheater.com\/?page_id=979"},"modified":"2021-01-20T11:44:26","modified_gmt":"2021-01-20T17:44:26","slug":"contacto","status":"publish","type":"page","link":"https:\/\/supermatroidheater.com\/es\/contacto\/","title":{"rendered":"Contacto"},"content":{"rendered":"<div class=\"wpb-content-wrapper\"><p>[vc_row css=&#8221;.vc_custom_1603228101523{margin-top: 20rem !important;}&#8221;][vc_column][vc_custom_heading text=&#8221;CONTACTANOS&#8221; font_container=&#8221;tag:h2|text_align:center|color:%230b3254&#8243; use_theme_fonts=&#8221;yes&#8221;][\/vc_column][\/vc_row][vc_row css=&#8221;.vc_custom_1603233299394{margin-bottom: 50px !important;}&#8221;][vc_column]\n<div class=\"wpcf7 no-js\" id=\"wpcf7-f1432-o1\" lang=\"es-ES\" dir=\"ltr\" data-wpcf7-id=\"1432\">\n<div class=\"screen-reader-response\"><p role=\"status\" aria-live=\"polite\" aria-atomic=\"true\"><\/p> <ul><\/ul><\/div>\n<form action=\"\/es\/wp-json\/wp\/v2\/pages\/979#wpcf7-f1432-o1\" method=\"post\" class=\"wpcf7-form init\" aria-label=\"Formulario de contacto\" novalidate=\"novalidate\" data-status=\"init\">\n<fieldset class=\"hidden-fields-container\"><input type=\"hidden\" name=\"_wpcf7\" value=\"1432\" \/><input type=\"hidden\" name=\"_wpcf7_version\" value=\"6.1.5\" \/><input type=\"hidden\" name=\"_wpcf7_locale\" value=\"es_ES\" \/><input type=\"hidden\" name=\"_wpcf7_unit_tag\" value=\"wpcf7-f1432-o1\" \/><input type=\"hidden\" name=\"_wpcf7_container_post\" value=\"0\" \/><input type=\"hidden\" name=\"_wpcf7_posted_data_hash\" value=\"\" \/>\n<\/fieldset>\n<div class=\"section-contact\">\n\t<h3 class=\"title\" style=\"text-align:center; \">\u00bfQuieres m\u00e1s informaci\u00f3n?\n\t<\/h3>\n\t<h5 class=\"sub-title\" style=\"text-align:center; \">D\u00e9janos tus datos y nuestro equipo de expertos se pondr\u00e1 en contacto contigo<br \/>\n\t\t<div class=\"row contant-inner\">\n\t\t\t<div class=\"col-md-6\">\n\t\t\t\t<p><label>NOMBRE<\/label>\n\t\t\t\t<\/p>\n\t\t\t\t<p><span class=\"wpcf7-form-control-wrap\" data-name=\"your-name\"><input size=\"40\" maxlength=\"400\" class=\"wpcf7-form-control wpcf7-text wpcf7-validates-as-required\" aria-required=\"true\" aria-invalid=\"false\" value=\"\" type=\"text\" name=\"your-name\" \/><\/span>\n\t\t\t\t<\/p>\n\t\t\t<\/div>\n\t\t\t<div class=\"col-md-6\">\n\t\t\t\t<p><label>E-MAIL<\/label>\n\t\t\t\t<\/p>\n\t\t\t\t<p><span class=\"wpcf7-form-control-wrap\" data-name=\"your-email\"><input size=\"40\" maxlength=\"400\" class=\"wpcf7-form-control wpcf7-email wpcf7-validates-as-required wpcf7-text wpcf7-validates-as-email\" aria-required=\"true\" aria-invalid=\"false\" value=\"\" type=\"email\" name=\"your-email\" \/><\/span>\n\t\t\t\t<\/p>\n\t\t\t<\/div>\n\t\t<\/div><br \/>\n\t\t<div class=\"row contant-inner\">\n\t\t\t<div class=\"col-md-6\">\n\t\t\t\t<p><label>TEL\u00c9FONO<\/label>\n\t\t\t\t<\/p>\n\t\t\t\t<p><span class=\"wpcf7-form-control-wrap\" data-name=\"number-339\"><input size=\"40\" maxlength=\"400\" class=\"wpcf7-form-control wpcf7-tel wpcf7-text wpcf7-validates-as-tel\" aria-invalid=\"false\" value=\"\" type=\"tel\" name=\"number-339\" \/><\/span>\n\t\t\t\t<\/p>\n\t\t\t<\/div>\n\t\t\t<div class=\"col-md-6\">\n\t\t\t\t<p><label>EMPRESA<\/label>\n\t\t\t\t<\/p>\n\t\t\t\t<p><span class=\"wpcf7-form-control-wrap\" data-name=\"your-subject\"><input size=\"40\" maxlength=\"400\" class=\"wpcf7-form-control wpcf7-text\" aria-invalid=\"false\" value=\"\" type=\"text\" name=\"your-subject\" \/><\/span>\n\t\t\t\t<\/p>\n\t\t\t<\/div>\n\t\t\t<div class=\"col-md-12\">\n\t\t\t\t<p><label>PRODUCTO<\/label>\n\t\t\t\t<\/p>\n\t\t\t\t<p><span class=\"wpcf7-form-control-wrap\" data-name=\"your-product\"><select class=\"wpcf7-form-control wpcf7-select\" aria-invalid=\"false\" name=\"your-product\"><option value=\"\">&#8212;Por favor, elige una opci\u00f3n&#8212;<\/option><option value=\"Super Matroid Cyclone\u2122 (SMC)\">Super Matroid Cyclone\u2122 (SMC)<\/option><option value=\"Super Matroid Heater\u2122 (SMH)\">Super Matroid Heater\u2122 (SMH)<\/option><option value=\"No lo tengo claro\">No lo tengo claro<\/option><\/select><\/span>\n\t\t\t\t<\/p>\n\t\t\t<\/div>\n\t\t<\/div><br \/>\n\t\t<p><label>MENSAJE<\/label>\n\t\t<\/p>\n\n <span class=\"wpcf7-form-control-wrap\" data-name=\"your-message\"><textarea cols=\"40\" rows=\"10\" maxlength=\"2000\" class=\"wpcf7-form-control wpcf7-textarea\" aria-invalid=\"false\" name=\"your-message\"><\/textarea><\/span> <br \/>\n<input class=\"wpcf7-form-control wpcf7-submit has-spinner btn btn-primary btn-outline\" type=\"submit\" value=\"Enviar\" \/>\n\t<\/h5>\n<\/div><p style=\"display: none !important;\" class=\"akismet-fields-container\" data-prefix=\"_wpcf7_ak_\"><label>&#916;<textarea name=\"_wpcf7_ak_hp_textarea\" cols=\"45\" rows=\"8\" maxlength=\"100\"><\/textarea><\/label><input type=\"hidden\" id=\"ak_js_1\" name=\"_wpcf7_ak_js\" value=\"188\"\/><script>document.getElementById( \"ak_js_1\" ).setAttribute( \"value\", ( new Date() ).getTime() );<\/script><\/p><div class=\"wpcf7-response-output\" aria-hidden=\"true\"><\/div>\n<\/form>\n<\/div>\n[\/vc_column][\/vc_row]<\/p>\n<\/div>","protected":false},"excerpt":{"rendered":"<p>[vc_row css=&#8221;.vc_custom_1603228101523{margin-top: 20rem !important;}&#8221;][vc_column][vc_custom_heading text=&#8221;CONTACTANOS&#8221; font_container=&#8221;tag:h2|text_align:center|color:%230b3254&#8243; use_theme_fonts=&#8221;yes&#8221;][\/vc_column][\/vc_row][vc_row css=&#8221;.vc_custom_1603233299394{margin-bottom: 50px !important;}&#8221;][vc_column][\/vc_column][\/vc_row]<\/p>\n","protected":false},"author":2,"featured_media":0,"parent":0,"menu_order":0,"comment_status":"closed","ping_status":"closed","template":"","meta":{"nf_dc_page":"","footnotes":""},"class_list":["post-979","page","type-page","status-publish","hentry"],"yoast_head":"<!-- This site is optimized with the Yoast SEO plugin v27.4 - https:\/\/yoast.com\/product\/yoast-seo-wordpress\/ -->\n<title>Contacto - Super Matroid Heater<\/title>\n<meta name=\"description\" content=\"Contacta un representante de Nakasawa para responder a tus preguntas sobre Super Matroid Heater o Cyclone y sus virtudes frente a un OTSG convencional\" \/>\n<meta name=\"robots\" content=\"index, follow, max-snippet:-1, max-image-preview:large, max-video-preview:-1\" \/>\n<link rel=\"canonical\" href=\"https:\/\/supermatroidheater.com\/es\/contacto\/\" \/>\n<meta property=\"og:locale\" content=\"es_ES\" \/>\n<meta property=\"og:type\" content=\"article\" \/>\n<meta property=\"og:title\" content=\"Contacto - Super Matroid Heater\" \/>\n<meta property=\"og:description\" content=\"Contacta un representante de Nakasawa para responder a tus preguntas sobre Super Matroid Heater o Cyclone y sus virtudes frente a un OTSG convencional\" \/>\n<meta property=\"og:url\" content=\"https:\/\/supermatroidheater.com\/es\/contacto\/\" \/>\n<meta property=\"og:site_name\" content=\"Super Matroid Heater\" \/>\n<meta property=\"article:modified_time\" content=\"2021-01-20T17:44:26+00:00\" \/>\n<meta property=\"og:image\" content=\"https:\/\/supermatroidheater.com\/wp-content\/uploads\/2020\/10\/LSH_8661-scaled.jpg\" \/>\n\t<meta property=\"og:image:width\" content=\"2560\" \/>\n\t<meta property=\"og:image:height\" content=\"1703\" \/>\n\t<meta property=\"og:image:type\" content=\"image\/jpeg\" \/>\n<meta name=\"twitter:card\" content=\"summary_large_image\" \/>\n<meta name=\"twitter:title\" content=\"Contacto - Super Matroid Heater\" \/>\n<meta name=\"twitter:description\" content=\"Contacta un representante de Nakasawa para responder a tus preguntas sobre Super Matroid Heater o Cyclone y sus virtudes frente a un OTSG convencional\" \/>\n<meta name=\"twitter:image\" content=\"https:\/\/supermatroidheater.com\/wp-content\/uploads\/2020\/10\/LSH_8661-scaled.jpg\" \/>\n<meta name=\"twitter:label1\" content=\"Tiempo de lectura\" \/>\n\t<meta name=\"twitter:data1\" content=\"1 minuto\" \/>\n<script type=\"application\/ld+json\" class=\"yoast-schema-graph\">{\"@context\":\"https:\\\/\\\/schema.org\",\"@graph\":[{\"@type\":\"WebPage\",\"@id\":\"https:\\\/\\\/supermatroidheater.com\\\/es\\\/contacto\\\/\",\"url\":\"https:\\\/\\\/supermatroidheater.com\\\/es\\\/contacto\\\/\",\"name\":\"Contacto - Super Matroid Heater\",\"isPartOf\":{\"@id\":\"https:\\\/\\\/supermatroidheater.com\\\/es\\\/#website\"},\"datePublished\":\"2020-10-19T21:19:02+00:00\",\"dateModified\":\"2021-01-20T17:44:26+00:00\",\"description\":\"Contacta un representante de Nakasawa para responder a tus preguntas sobre Super Matroid Heater o Cyclone y sus virtudes frente a un OTSG convencional\",\"breadcrumb\":{\"@id\":\"https:\\\/\\\/supermatroidheater.com\\\/es\\\/contacto\\\/#breadcrumb\"},\"inLanguage\":\"es\",\"potentialAction\":[{\"@type\":\"ReadAction\",\"target\":[\"https:\\\/\\\/supermatroidheater.com\\\/es\\\/contacto\\\/\"]}]},{\"@type\":\"BreadcrumbList\",\"@id\":\"https:\\\/\\\/supermatroidheater.com\\\/es\\\/contacto\\\/#breadcrumb\",\"itemListElement\":[{\"@type\":\"ListItem\",\"position\":1,\"name\":\"Portada\",\"item\":\"https:\\\/\\\/supermatroidheater.com\\\/es\\\/\"},{\"@type\":\"ListItem\",\"position\":2,\"name\":\"Contacto\"}]},{\"@type\":\"WebSite\",\"@id\":\"https:\\\/\\\/supermatroidheater.com\\\/es\\\/#website\",\"url\":\"https:\\\/\\\/supermatroidheater.com\\\/es\\\/\",\"name\":\"Super Matroid Heater\",\"description\":\"Super Matroid Heater \u00faltima tecnolog\u00eda de Nakasawa para optimizar la recuperaci\u00f3n de petr\u00f3leo durante todo el proceso de producci\u00f3n frente a un OTSG convencional\",\"publisher\":{\"@id\":\"https:\\\/\\\/supermatroidheater.com\\\/es\\\/#organization\"},\"potentialAction\":[{\"@type\":\"SearchAction\",\"target\":{\"@type\":\"EntryPoint\",\"urlTemplate\":\"https:\\\/\\\/supermatroidheater.com\\\/es\\\/?s={search_term_string}\"},\"query-input\":{\"@type\":\"PropertyValueSpecification\",\"valueRequired\":true,\"valueName\":\"search_term_string\"}}],\"inLanguage\":\"es\"},{\"@type\":\"Organization\",\"@id\":\"https:\\\/\\\/supermatroidheater.com\\\/es\\\/#organization\",\"name\":\"Super Matroid\",\"url\":\"https:\\\/\\\/supermatroidheater.com\\\/es\\\/\",\"logo\":{\"@type\":\"ImageObject\",\"inLanguage\":\"es\",\"@id\":\"https:\\\/\\\/supermatroidheater.com\\\/es\\\/#\\\/schema\\\/logo\\\/image\\\/\",\"url\":\"https:\\\/\\\/supermatroidheater.com\\\/wp-content\\\/uploads\\\/2020\\\/10\\\/Super-Matroid.jpg\",\"contentUrl\":\"https:\\\/\\\/supermatroidheater.com\\\/wp-content\\\/uploads\\\/2020\\\/10\\\/Super-Matroid.jpg\",\"width\":1908,\"height\":891,\"caption\":\"Super Matroid\"},\"image\":{\"@id\":\"https:\\\/\\\/supermatroidheater.com\\\/es\\\/#\\\/schema\\\/logo\\\/image\\\/\"},\"sameAs\":[\"https:\\\/\\\/www.instagram.com\\\/nakasawaresources_eor\\\/\",\"https:\\\/\\\/www.linkedin.com\\\/company\\\/nakasawaresources\\\/\",\"https:\\\/\\\/www.youtube.com\\\/channel\\\/UCQ_asGVhgUF22xXBg7wqF2g\\\/featured\"]}]}<\/script>\n<!-- \/ Yoast SEO plugin. -->","yoast_head_json":{"title":"Contacto - Super Matroid Heater","description":"Contacta un representante de Nakasawa para responder a tus preguntas sobre Super Matroid Heater o Cyclone y sus virtudes frente a un OTSG convencional","robots":{"index":"index","follow":"follow","max-snippet":"max-snippet:-1","max-image-preview":"max-image-preview:large","max-video-preview":"max-video-preview:-1"},"canonical":"https:\/\/supermatroidheater.com\/es\/contacto\/","og_locale":"es_ES","og_type":"article","og_title":"Contacto - Super Matroid Heater","og_description":"Contacta un representante de Nakasawa para responder a tus preguntas sobre Super Matroid Heater o Cyclone y sus virtudes frente a un OTSG convencional","og_url":"https:\/\/supermatroidheater.com\/es\/contacto\/","og_site_name":"Super Matroid Heater","article_modified_time":"2021-01-20T17:44:26+00:00","og_image":[{"width":2560,"height":1703,"url":"https:\/\/supermatroidheater.com\/wp-content\/uploads\/2020\/10\/LSH_8661-scaled.jpg","type":"image\/jpeg"}],"twitter_card":"summary_large_image","twitter_title":"Contacto - Super Matroid Heater","twitter_description":"Contacta un representante de Nakasawa para responder a tus preguntas sobre Super Matroid Heater o Cyclone y sus virtudes frente a un OTSG convencional","twitter_image":"https:\/\/supermatroidheater.com\/wp-content\/uploads\/2020\/10\/LSH_8661-scaled.jpg","twitter_misc":{"Tiempo de lectura":"1 minuto"},"schema":{"@context":"https:\/\/schema.org","@graph":[{"@type":"WebPage","@id":"https:\/\/supermatroidheater.com\/es\/contacto\/","url":"https:\/\/supermatroidheater.com\/es\/contacto\/","name":"Contacto - Super Matroid Heater","isPartOf":{"@id":"https:\/\/supermatroidheater.com\/es\/#website"},"datePublished":"2020-10-19T21:19:02+00:00","dateModified":"2021-01-20T17:44:26+00:00","description":"Contacta un representante de Nakasawa para responder a tus preguntas sobre Super Matroid Heater o Cyclone y sus virtudes frente a un OTSG convencional","breadcrumb":{"@id":"https:\/\/supermatroidheater.com\/es\/contacto\/#breadcrumb"},"inLanguage":"es","potentialAction":[{"@type":"ReadAction","target":["https:\/\/supermatroidheater.com\/es\/contacto\/"]}]},{"@type":"BreadcrumbList","@id":"https:\/\/supermatroidheater.com\/es\/contacto\/#breadcrumb","itemListElement":[{"@type":"ListItem","position":1,"name":"Portada","item":"https:\/\/supermatroidheater.com\/es\/"},{"@type":"ListItem","position":2,"name":"Contacto"}]},{"@type":"WebSite","@id":"https:\/\/supermatroidheater.com\/es\/#website","url":"https:\/\/supermatroidheater.com\/es\/","name":"Super Matroid Heater","description":"Super Matroid Heater \u00faltima tecnolog\u00eda de Nakasawa para optimizar la recuperaci\u00f3n de petr\u00f3leo durante todo el proceso de producci\u00f3n frente a un OTSG convencional","publisher":{"@id":"https:\/\/supermatroidheater.com\/es\/#organization"},"potentialAction":[{"@type":"SearchAction","target":{"@type":"EntryPoint","urlTemplate":"https:\/\/supermatroidheater.com\/es\/?s={search_term_string}"},"query-input":{"@type":"PropertyValueSpecification","valueRequired":true,"valueName":"search_term_string"}}],"inLanguage":"es"},{"@type":"Organization","@id":"https:\/\/supermatroidheater.com\/es\/#organization","name":"Super Matroid","url":"https:\/\/supermatroidheater.com\/es\/","logo":{"@type":"ImageObject","inLanguage":"es","@id":"https:\/\/supermatroidheater.com\/es\/#\/schema\/logo\/image\/","url":"https:\/\/supermatroidheater.com\/wp-content\/uploads\/2020\/10\/Super-Matroid.jpg","contentUrl":"https:\/\/supermatroidheater.com\/wp-content\/uploads\/2020\/10\/Super-Matroid.jpg","width":1908,"height":891,"caption":"Super Matroid"},"image":{"@id":"https:\/\/supermatroidheater.com\/es\/#\/schema\/logo\/image\/"},"sameAs":["https:\/\/www.instagram.com\/nakasawaresources_eor\/","https:\/\/www.linkedin.com\/company\/nakasawaresources\/","https:\/\/www.youtube.com\/channel\/UCQ_asGVhgUF22xXBg7wqF2g\/featured"]}]}},"_links":{"self":[{"href":"https:\/\/supermatroidheater.com\/es\/wp-json\/wp\/v2\/pages\/979","targetHints":{"allow":["GET"]}}],"collection":[{"href":"https:\/\/supermatroidheater.com\/es\/wp-json\/wp\/v2\/pages"}],"about":[{"href":"https:\/\/supermatroidheater.com\/es\/wp-json\/wp\/v2\/types\/page"}],"author":[{"embeddable":true,"href":"https:\/\/supermatroidheater.com\/es\/wp-json\/wp\/v2\/users\/2"}],"replies":[{"embeddable":true,"href":"https:\/\/supermatroidheater.com\/es\/wp-json\/wp\/v2\/comments?post=979"}],"version-history":[{"count":10,"href":"https:\/\/supermatroidheater.com\/es\/wp-json\/wp\/v2\/pages\/979\/revisions"}],"predecessor-version":[{"id":1927,"href":"https:\/\/supermatroidheater.com\/es\/wp-json\/wp\/v2\/pages\/979\/revisions\/1927"}],"wp:attachment":[{"href":"https:\/\/supermatroidheater.com\/es\/wp-json\/wp\/v2\/media?parent=979"}],"curies":[{"name":"wp","href":"https:\/\/api.w.org\/{rel}","templated":true}]}}