{"id":381,"date":"2016-05-13T10:45:07","date_gmt":"2016-05-13T10:45:07","guid":{"rendered":"http:\/\/demoapus-wp.com\/drone\/home1\/?page_id=381"},"modified":"2021-04-27T16:56:59","modified_gmt":"2021-04-27T21:56:59","slug":"home-2","status":"publish","type":"page","link":"https:\/\/supermatroidheater.com\/es\/","title":{"rendered":"Inicio"},"content":{"rendered":"<div class=\"wpb-content-wrapper\"><p>[vc_row isfullwidth=&#8221;0&#8243; el_class=&#8221;movil-slider&#8221;][vc_column][rev_slider_vc alias=&#8221;slider_2&#8243; el_class=&#8221;no-margin&#8221;][\/vc_column][\/vc_row][vc_row isfullwidth=&#8221;0&#8243; css=&#8221;.vc_custom_1603398465096{margin-top: 10px !important;}&#8221;][vc_column css=&#8221;.vc_custom_1616465262630{margin-top: 60px !important;margin-right: 30px !important;margin-left: 40px !important;}&#8221; el_class=&#8221;espacio-movil&#8221;][vc_custom_heading text=&#8221;CERTIFICADOS&#8221; font_container=&#8221;tag:h3|font_size:35px|text_align:left|color:%230b3254|line_height:44px&#8221; google_fonts=&#8221;font_family:Roboto%3A100%2C100italic%2C300%2C300italic%2Cregular%2Citalic%2C500%2C500italic%2C700%2C700italic%2C900%2C900italic|font_style:900%20bold%20regular%3A900%3Anormal&#8221; css=&#8221;.vc_custom_1612360788808{margin-left: 100px !important;}&#8221;][vc_row_inner gap=&#8221;10&#8243;][vc_column_inner width=&#8221;1\/4&#8243;][vc_single_image image=&#8221;1177&#8243; img_size=&#8221;medium&#8221; alignment=&#8221;center&#8221;][\/vc_column_inner][vc_column_inner width=&#8221;1\/4&#8243;][vc_single_image image=&#8221;1185&#8243; img_size=&#8221;medium&#8221; alignment=&#8221;center&#8221;][\/vc_column_inner][vc_column_inner width=&#8221;1\/4&#8243;][vc_single_image image=&#8221;1182&#8243; img_size=&#8221;medium&#8221; alignment=&#8221;center&#8221;][\/vc_column_inner][vc_column_inner width=&#8221;1\/4&#8243;][vc_single_image image=&#8221;2378&#8243; img_size=&#8221;medium&#8221; alignment=&#8221;center&#8221;][\/vc_column_inner][\/vc_row_inner][\/vc_column][\/vc_row][vc_row isfullwidth=&#8221;0&#8243; css=&#8221;.vc_custom_1603398465096{margin-top: 10px !important;}&#8221;][vc_column css=&#8221;.vc_custom_1616465502372{margin-right: 30px !important;margin-left: 40px !important;}&#8221; el_class=&#8221;espacio-movil&#8221;][vc_custom_heading text=&#8221;QU\u00c9 LO HACE DIFERENTE&#8221; font_container=&#8221;tag:h3|font_size:35px|text_align:left|color:%230b3254|line_height:44px&#8221; google_fonts=&#8221;font_family:Roboto%3A100%2C100italic%2C300%2C300italic%2Cregular%2Citalic%2C500%2C500italic%2C700%2C700italic%2C900%2C900italic|font_style:900%20bold%20regular%3A900%3Anormal&#8221; css=&#8221;.vc_custom_1612360795239{margin-left: 100px !important;}&#8221;][\/vc_column][\/vc_row][vc_row isfullwidth=&#8221;0&#8243; css=&#8221;.vc_custom_1612455296419{margin-right: 100px !important;margin-left: 100px !important;}&#8221;][vc_column width=&#8221;1\/2&#8243; css=&#8221;.vc_custom_1612455445098{margin-top: 40px !important;margin-right: 30px !important;margin-left: 40px !important;}&#8221;][apus_features items=&#8221;%5B%7B%22title%22%3A%22SIN%20FALLAS%20OPERACIONALES%22%2C%22description%22%3A%22En%20los%20%C3%BAltimos%204%20a%C3%B1os%20nuestros%20clientes%20no%20han%20reportado%20fallas%20de%20operaci%C3%B3n%20en%20nuestro%20producto.%22%2C%22image%22%3A%22427%22%7D%2C%7B%22title%22%3A%22SEGURIDAD%22%2C%22description%22%3A%22El%20servicio%20cumple%20con%20las%20regulaciones%20nacionales%20e%20internacionales%20aplicables%2C%20y%20se%20realizan%20todos%20los%20mantenimientos%20preventivos%20sugeridos.%22%2C%22image%22%3A%22425%22%7D%2C%7B%22title%22%3A%22MOVILIDAD%22%2C%22description%22%3A%22Los%20sistemas%20SMH%20y%20SMC%20son%20completamente%20port%C3%A1tiles%20y%20cumplen%20con%20las%20regulaciones%20de%20transporte%20terrestre.%22%2C%22image%22%3A%22426%22%7D%5D&#8221; style=&#8221;style1&#8243; el_class=&#8221;color_matroid&#8221;][\/vc_column][vc_column width=&#8221;1\/2&#8243; css=&#8221;.vc_custom_1603310770340{margin-top: 25px !important;}&#8221;][vc_single_image image=&#8221;2005&#8243; img_size=&#8221;full&#8221; alignment=&#8221;center&#8221; onclick=&#8221;img_link_large&#8221;][\/vc_column][\/vc_row][vc_row css=&#8221;.vc_custom_1603137315402{background-color: #0b3254 !important;}&#8221; el_id=&#8221;testimonios&#8221;][vc_column][vc_empty_space height=&#8221;70px&#8221; el_class=&#8221;hidden-sm hidden-xs&#8221;][apus_testimonials title=&#8221;TESTIMONIOS&#8221; number=&#8221;6&#8243; columns=&#8221;3&#8243; style=&#8221;lighten&#8221;][vc_empty_space height=&#8221;30px&#8221;][\/vc_column][\/vc_row][vc_row][vc_column][vc_empty_space][\/vc_column][\/vc_row][vc_row css=&#8221;.vc_custom_1603218007471{background-color: #f6f6f6 !important;}&#8221; el_id=&#8221;contact-form&#8221;][vc_column width=&#8221;2\/3&#8243;][vc_empty_space height=&#8221;130px&#8221;]\n<div class=\"wpcf7 no-js\" id=\"wpcf7-f481-o1\" lang=\"es-ES\" dir=\"ltr\" data-wpcf7-id=\"481\">\n<div class=\"screen-reader-response\"><p role=\"status\" aria-live=\"polite\" aria-atomic=\"true\"><\/p> <ul><\/ul><\/div>\n<form action=\"\/es\/wp-json\/wp\/v2\/pages\/381#wpcf7-f481-o1\" method=\"post\" class=\"wpcf7-form init\" aria-label=\"Formulario de contacto\" novalidate=\"novalidate\" data-status=\"init\">\n<fieldset class=\"hidden-fields-container\"><input type=\"hidden\" name=\"_wpcf7\" value=\"481\" \/><input type=\"hidden\" name=\"_wpcf7_version\" value=\"6.1.5\" \/><input type=\"hidden\" name=\"_wpcf7_locale\" value=\"es_ES\" \/><input type=\"hidden\" name=\"_wpcf7_unit_tag\" value=\"wpcf7-f481-o1\" \/><input type=\"hidden\" name=\"_wpcf7_container_post\" value=\"0\" \/><input type=\"hidden\" name=\"_wpcf7_posted_data_hash\" value=\"\" \/>\n<\/fieldset>\n<div class=\"section-contact\">\n\t<h5 class=\"sub-title\" style=\"text-align:left; \">D\u00e9janos tus datos y nuestro equipo de expertos se pondr\u00e1 en contacto contigo<br \/>\n\t\t<div class=\"row contant-inner\">\n\t\t\t<div class=\"col-md-6\">\n\t\t\t\t<p><label>NOMBRE<\/label>\n\t\t\t\t<\/p>\n\t\t\t\t<p><span class=\"wpcf7-form-control-wrap\" data-name=\"your-name\"><input size=\"40\" maxlength=\"400\" class=\"wpcf7-form-control wpcf7-text wpcf7-validates-as-required\" aria-required=\"true\" aria-invalid=\"false\" value=\"\" type=\"text\" name=\"your-name\" \/><\/span>\n\t\t\t\t<\/p>\n\t\t\t<\/div>\n\t\t\t<div class=\"col-md-6\">\n\t\t\t\t<p><label>E-MAIL<\/label>\n\t\t\t\t<\/p>\n\t\t\t\t<p><span class=\"wpcf7-form-control-wrap\" data-name=\"your-email\"><input size=\"40\" maxlength=\"400\" class=\"wpcf7-form-control wpcf7-email wpcf7-validates-as-required wpcf7-text wpcf7-validates-as-email\" aria-required=\"true\" aria-invalid=\"false\" value=\"\" type=\"email\" name=\"your-email\" \/><\/span>\n\t\t\t\t<\/p>\n\t\t\t<\/div>\n\t\t<\/div><br \/>\n\t\t<div class=\"row contant-inner\">\n\t\t\t<div class=\"col-md-6\">\n\t\t\t\t<p><label>TEL\u00c9FONO<\/label>\n\t\t\t\t<\/p>\n\t\t\t\t<p><span class=\"wpcf7-form-control-wrap\" data-name=\"number-339\"><input class=\"wpcf7-form-control wpcf7-number wpcf7-validates-as-number\" aria-invalid=\"false\" value=\"\" type=\"number\" name=\"number-339\" \/><\/span>\n\t\t\t\t<\/p>\n\t\t\t<\/div>\n\t\t\t<div class=\"col-md-6\">\n\t\t\t\t<p><label>EMPRESA<\/label>\n\t\t\t\t<\/p>\n\t\t\t\t<p><span class=\"wpcf7-form-control-wrap\" data-name=\"your-subject\"><input size=\"40\" maxlength=\"400\" class=\"wpcf7-form-control wpcf7-text\" aria-invalid=\"false\" value=\"\" type=\"text\" name=\"your-subject\" \/><\/span>\n\t\t\t\t<\/p>\n\t\t\t<\/div>\n\t\t<\/div><br \/>\n\t\t<p><label>MENSAJE<\/label>\n\t\t<\/p>\n\n <span class=\"wpcf7-form-control-wrap\" data-name=\"your-message\"><textarea cols=\"40\" rows=\"10\" maxlength=\"2000\" class=\"wpcf7-form-control wpcf7-textarea\" aria-invalid=\"false\" name=\"your-message\"><\/textarea><\/span> <br \/>\n<input class=\"wpcf7-form-control wpcf7-submit has-spinner btn btn-primary btn-outline\" type=\"submit\" value=\"Enviar\" \/>\n\t<\/h5>\n<\/div><p style=\"display: none !important;\" class=\"akismet-fields-container\" data-prefix=\"_wpcf7_ak_\"><label>&#916;<textarea name=\"_wpcf7_ak_hp_textarea\" cols=\"45\" rows=\"8\" maxlength=\"100\"><\/textarea><\/label><input type=\"hidden\" id=\"ak_js_1\" name=\"_wpcf7_ak_js\" value=\"215\"\/><script>document.getElementById( \"ak_js_1\" ).setAttribute( \"value\", ( new Date() ).getTime() );<\/script><\/p><div class=\"wpcf7-response-output\" aria-hidden=\"true\"><\/div>\n<\/form>\n<\/div>\n[\/vc_column][vc_column width=&#8221;1\/3&#8243; css=&#8221;.vc_custom_1603728210627{margin-left: px !important;padding-right: 50px !important;padding-left: 50px !important;background-color: #0b3254 !important;}&#8221;][vc_empty_space height=&#8221;100px&#8221;][vc_custom_heading text=&#8221;Sobre Nakasawa Resources&#8221; font_container=&#8221;tag:h3|font_size:40px|text_align:center|color:%23ffffff|line_height:44px&#8221; google_fonts=&#8221;font_family:Roboto%3A100%2C100italic%2C300%2C300italic%2Cregular%2Citalic%2C500%2C500italic%2C700%2C700italic%2C900%2C900italic|font_style:900%20bold%20regular%3A900%3Anormal&#8221;][vc_empty_space height=&#8221;50px&#8221;][vc_column_text]<\/p>\n<p style=\"text-align: left;\"><span style=\"color: #ffffff;\">NAKASAWA Mining &amp; Energy, LTD., es una compa\u00f1\u00eda de tecnolog\u00eda upstream enfocada en los procesos de recuperaci\u00f3n mejorada de petr\u00f3leo (EOR) desde su inicio. Mediante el dise\u00f1o de tecnolog\u00edas innovadoras que ayudan a alcanzar y recuperar m\u00e1s petr\u00f3leo, proporcionando la combinaci\u00f3n correcta de productos, servicios y experiencia para administrar proyectos de estimulaci\u00f3n c\u00edclica de vapor (CSS) en su totalidad.<\/span><\/p>\n<p>[\/vc_column_text][vc_btn title=&#8221;Visitar la web&#8221; link=&#8221;url:https%3A%2F%2Fwww.nakasawaresources.com%2Fes%2F||target:%20_blank|&#8221;][vc_empty_space height=&#8221;130px&#8221;][\/vc_column][\/vc_row][vc_row][vc_column][vc_empty_space][\/vc_column][\/vc_row]<\/p>\n<\/div>","protected":false},"excerpt":{"rendered":"<p>[vc_row isfullwidth=&#8221;0&#8243; el_class=&#8221;movil-slider&#8221;][vc_column][rev_slider_vc alias=&#8221;slider_2&#8243; el_class=&#8221;no-margin&#8221;][\/vc_column][\/vc_row][vc_row isfullwidth=&#8221;0&#8243; css=&#8221;.vc_custom_1603398465096{margin-top: 10px !important;}&#8221;][vc_column css=&#8221;.vc_custom_1616465262630{margin-top: 60px !important;margin-right: 30px !important;margin-left: 40px !important;}&#8221; el_class=&#8221;espacio-movil&#8221;][vc_custom_heading text=&#8221;CERTIFICADOS&#8221; font_container=&#8221;tag:h3|font_size:35px|text_align:left|color:%230b3254|line_height:44px&#8221; google_fonts=&#8221;font_family:Roboto%3A100%2C100italic%2C300%2C300italic%2Cregular%2Citalic%2C500%2C500italic%2C700%2C700italic%2C900%2C900italic|font_style:900%20bold%20regular%3A900%3Anormal&#8221; css=&#8221;.vc_custom_1612360788808{margin-left: 100px !important;}&#8221;][vc_row_inner gap=&#8221;10&#8243;][vc_column_inner width=&#8221;1\/4&#8243;][vc_single_image image=&#8221;1177&#8243; img_size=&#8221;medium&#8221; alignment=&#8221;center&#8221;][\/vc_column_inner][vc_column_inner width=&#8221;1\/4&#8243;][vc_single_image image=&#8221;1185&#8243; img_size=&#8221;medium&#8221; alignment=&#8221;center&#8221;][\/vc_column_inner][vc_column_inner width=&#8221;1\/4&#8243;][vc_single_image image=&#8221;1182&#8243; img_size=&#8221;medium&#8221; alignment=&#8221;center&#8221;][\/vc_column_inner][vc_column_inner width=&#8221;1\/4&#8243;][vc_single_image image=&#8221;2378&#8243; img_size=&#8221;medium&#8221; alignment=&#8221;center&#8221;][\/vc_column_inner][\/vc_row_inner][\/vc_column][\/vc_row][vc_row isfullwidth=&#8221;0&#8243; css=&#8221;.vc_custom_1603398465096{margin-top: 10px !important;}&#8221;][vc_column css=&#8221;.vc_custom_1616465502372{margin-right: 30px !important;margin-left: 40px !important;}&#8221; el_class=&#8221;espacio-movil&#8221;][vc_custom_heading text=&#8221;QU\u00c9 LO HACE DIFERENTE&#8221; font_container=&#8221;tag:h3|font_size:35px|text_align:left|color:%230b3254|line_height:44px&#8221; &hellip; <\/br><a href=\"https:\/\/supermatroidheater.com\/es\/\" class=\"more-link\">Continue reading <span class=\"screen-reader-text\">Inicio<\/span> <i class=\"fa fa-long-arrow-right\"><\/i><\/a><\/p>\n","protected":false},"author":2,"featured_media":0,"parent":0,"menu_order":0,"comment_status":"closed","ping_status":"closed","template":"","meta":{"nf_dc_page":"","footnotes":""},"class_list":["post-381","page","type-page","status-publish","hentry"],"yoast_head":"<!-- This site is optimized with the Yoast SEO plugin v27.4 - https:\/\/yoast.com\/product\/yoast-seo-wordpress\/ -->\n<title>Super Matroid Heater<\/title>\n<meta name=\"description\" content=\"Super Matroid Heater \u00faltima tecnolog\u00eda de Nakasawa para optimizar la recuperaci\u00f3n de petr\u00f3leo durante todo el proceso de producci\u00f3n frente a un OTSG convencional\" \/>\n<meta name=\"robots\" content=\"index, follow, max-snippet:-1, max-image-preview:large, max-video-preview:-1\" \/>\n<link rel=\"canonical\" href=\"https:\/\/supermatroidheater.com\/es\/\" \/>\n<meta property=\"og:locale\" content=\"es_ES\" \/>\n<meta property=\"og:type\" content=\"article\" \/>\n<meta property=\"og:title\" content=\"Super Matroid Heater\" \/>\n<meta property=\"og:description\" content=\"\u00daltima tecnolog\u00eda de Nakasawa para optimizar la recuperaci\u00f3n de petr\u00f3leo durante todo el proceso de producci\u00f3n frente a un OTSG convencional\" \/>\n<meta property=\"og:url\" content=\"https:\/\/supermatroidheater.com\/es\/\" \/>\n<meta property=\"og:site_name\" content=\"Super Matroid Heater\" \/>\n<meta property=\"article:modified_time\" content=\"2021-04-27T21:56:59+00:00\" \/>\n<meta property=\"og:image\" content=\"https:\/\/supermatroidheater.com\/wp-content\/uploads\/2020\/10\/Super-Matroid.jpg\" \/>\n\t<meta property=\"og:image:width\" content=\"1908\" \/>\n\t<meta property=\"og:image:height\" content=\"891\" \/>\n\t<meta property=\"og:image:type\" content=\"image\/jpeg\" \/>\n<meta name=\"twitter:card\" content=\"summary_large_image\" \/>\n<meta name=\"twitter:title\" content=\"Super Matroid Heater\" \/>\n<meta name=\"twitter:description\" content=\"\u00daltima tecnolog\u00eda de Nakasawa para optimizar la recuperaci\u00f3n de petr\u00f3leo durante todo el proceso de producci\u00f3n frente a un OTSG convencional\" \/>\n<meta name=\"twitter:image\" content=\"https:\/\/supermatroidheater.com\/wp-content\/uploads\/2020\/10\/Super-Matroid.jpg\" \/>\n<meta name=\"twitter:label1\" content=\"Tiempo de lectura\" \/>\n\t<meta name=\"twitter:data1\" content=\"1 minuto\" \/>\n<script type=\"application\/ld+json\" class=\"yoast-schema-graph\">{\"@context\":\"https:\\\/\\\/schema.org\",\"@graph\":[{\"@type\":\"WebPage\",\"@id\":\"https:\\\/\\\/supermatroidheater.com\\\/es\\\/\",\"url\":\"https:\\\/\\\/supermatroidheater.com\\\/es\\\/\",\"name\":\"Super Matroid Heater\",\"isPartOf\":{\"@id\":\"https:\\\/\\\/supermatroidheater.com\\\/es\\\/#website\"},\"datePublished\":\"2016-05-13T10:45:07+00:00\",\"dateModified\":\"2021-04-27T21:56:59+00:00\",\"description\":\"Super Matroid Heater \u00faltima tecnolog\u00eda de Nakasawa para optimizar la recuperaci\u00f3n de petr\u00f3leo durante todo el proceso de producci\u00f3n frente a un OTSG convencional\",\"breadcrumb\":{\"@id\":\"https:\\\/\\\/supermatroidheater.com\\\/es\\\/#breadcrumb\"},\"inLanguage\":\"es\",\"potentialAction\":[{\"@type\":\"ReadAction\",\"target\":[\"https:\\\/\\\/supermatroidheater.com\\\/es\\\/\"]}]},{\"@type\":\"BreadcrumbList\",\"@id\":\"https:\\\/\\\/supermatroidheater.com\\\/es\\\/#breadcrumb\",\"itemListElement\":[{\"@type\":\"ListItem\",\"position\":1,\"name\":\"Portada\",\"item\":\"https:\\\/\\\/supermatroidheater.com\\\/es\\\/\"},{\"@type\":\"ListItem\",\"position\":2,\"name\":\"Inicio\"}]},{\"@type\":\"WebSite\",\"@id\":\"https:\\\/\\\/supermatroidheater.com\\\/es\\\/#website\",\"url\":\"https:\\\/\\\/supermatroidheater.com\\\/es\\\/\",\"name\":\"Super Matroid Heater\",\"description\":\"Super Matroid Heater \u00faltima tecnolog\u00eda de Nakasawa para optimizar la recuperaci\u00f3n de petr\u00f3leo durante todo el proceso de producci\u00f3n frente a un OTSG convencional\",\"publisher\":{\"@id\":\"https:\\\/\\\/supermatroidheater.com\\\/es\\\/#organization\"},\"potentialAction\":[{\"@type\":\"SearchAction\",\"target\":{\"@type\":\"EntryPoint\",\"urlTemplate\":\"https:\\\/\\\/supermatroidheater.com\\\/es\\\/?s={search_term_string}\"},\"query-input\":{\"@type\":\"PropertyValueSpecification\",\"valueRequired\":true,\"valueName\":\"search_term_string\"}}],\"inLanguage\":\"es\"},{\"@type\":\"Organization\",\"@id\":\"https:\\\/\\\/supermatroidheater.com\\\/es\\\/#organization\",\"name\":\"Super Matroid\",\"url\":\"https:\\\/\\\/supermatroidheater.com\\\/es\\\/\",\"logo\":{\"@type\":\"ImageObject\",\"inLanguage\":\"es\",\"@id\":\"https:\\\/\\\/supermatroidheater.com\\\/es\\\/#\\\/schema\\\/logo\\\/image\\\/\",\"url\":\"https:\\\/\\\/supermatroidheater.com\\\/wp-content\\\/uploads\\\/2020\\\/10\\\/Super-Matroid.jpg\",\"contentUrl\":\"https:\\\/\\\/supermatroidheater.com\\\/wp-content\\\/uploads\\\/2020\\\/10\\\/Super-Matroid.jpg\",\"width\":1908,\"height\":891,\"caption\":\"Super Matroid\"},\"image\":{\"@id\":\"https:\\\/\\\/supermatroidheater.com\\\/es\\\/#\\\/schema\\\/logo\\\/image\\\/\"},\"sameAs\":[\"https:\\\/\\\/www.instagram.com\\\/nakasawaresources_eor\\\/\",\"https:\\\/\\\/www.linkedin.com\\\/company\\\/nakasawaresources\\\/\",\"https:\\\/\\\/www.youtube.com\\\/channel\\\/UCQ_asGVhgUF22xXBg7wqF2g\\\/featured\"]}]}<\/script>\n<!-- \/ Yoast SEO plugin. -->","yoast_head_json":{"title":"Super Matroid Heater","description":"Super Matroid Heater \u00faltima tecnolog\u00eda de Nakasawa para optimizar la recuperaci\u00f3n de petr\u00f3leo durante todo el proceso de producci\u00f3n frente a un OTSG convencional","robots":{"index":"index","follow":"follow","max-snippet":"max-snippet:-1","max-image-preview":"max-image-preview:large","max-video-preview":"max-video-preview:-1"},"canonical":"https:\/\/supermatroidheater.com\/es\/","og_locale":"es_ES","og_type":"article","og_title":"Super Matroid Heater","og_description":"\u00daltima tecnolog\u00eda de Nakasawa para optimizar la recuperaci\u00f3n de petr\u00f3leo durante todo el proceso de producci\u00f3n frente a un OTSG convencional","og_url":"https:\/\/supermatroidheater.com\/es\/","og_site_name":"Super Matroid Heater","article_modified_time":"2021-04-27T21:56:59+00:00","og_image":[{"width":1908,"height":891,"url":"https:\/\/supermatroidheater.com\/wp-content\/uploads\/2020\/10\/Super-Matroid.jpg","type":"image\/jpeg"}],"twitter_card":"summary_large_image","twitter_title":"Super Matroid Heater","twitter_description":"\u00daltima tecnolog\u00eda de Nakasawa para optimizar la recuperaci\u00f3n de petr\u00f3leo durante todo el proceso de producci\u00f3n frente a un OTSG convencional","twitter_image":"https:\/\/supermatroidheater.com\/wp-content\/uploads\/2020\/10\/Super-Matroid.jpg","twitter_misc":{"Tiempo de lectura":"1 minuto"},"schema":{"@context":"https:\/\/schema.org","@graph":[{"@type":"WebPage","@id":"https:\/\/supermatroidheater.com\/es\/","url":"https:\/\/supermatroidheater.com\/es\/","name":"Super Matroid Heater","isPartOf":{"@id":"https:\/\/supermatroidheater.com\/es\/#website"},"datePublished":"2016-05-13T10:45:07+00:00","dateModified":"2021-04-27T21:56:59+00:00","description":"Super Matroid Heater \u00faltima tecnolog\u00eda de Nakasawa para optimizar la recuperaci\u00f3n de petr\u00f3leo durante todo el proceso de producci\u00f3n frente a un OTSG convencional","breadcrumb":{"@id":"https:\/\/supermatroidheater.com\/es\/#breadcrumb"},"inLanguage":"es","potentialAction":[{"@type":"ReadAction","target":["https:\/\/supermatroidheater.com\/es\/"]}]},{"@type":"BreadcrumbList","@id":"https:\/\/supermatroidheater.com\/es\/#breadcrumb","itemListElement":[{"@type":"ListItem","position":1,"name":"Portada","item":"https:\/\/supermatroidheater.com\/es\/"},{"@type":"ListItem","position":2,"name":"Inicio"}]},{"@type":"WebSite","@id":"https:\/\/supermatroidheater.com\/es\/#website","url":"https:\/\/supermatroidheater.com\/es\/","name":"Super Matroid Heater","description":"Super Matroid Heater \u00faltima tecnolog\u00eda de Nakasawa para optimizar la recuperaci\u00f3n de petr\u00f3leo durante todo el proceso de producci\u00f3n frente a un OTSG convencional","publisher":{"@id":"https:\/\/supermatroidheater.com\/es\/#organization"},"potentialAction":[{"@type":"SearchAction","target":{"@type":"EntryPoint","urlTemplate":"https:\/\/supermatroidheater.com\/es\/?s={search_term_string}"},"query-input":{"@type":"PropertyValueSpecification","valueRequired":true,"valueName":"search_term_string"}}],"inLanguage":"es"},{"@type":"Organization","@id":"https:\/\/supermatroidheater.com\/es\/#organization","name":"Super Matroid","url":"https:\/\/supermatroidheater.com\/es\/","logo":{"@type":"ImageObject","inLanguage":"es","@id":"https:\/\/supermatroidheater.com\/es\/#\/schema\/logo\/image\/","url":"https:\/\/supermatroidheater.com\/wp-content\/uploads\/2020\/10\/Super-Matroid.jpg","contentUrl":"https:\/\/supermatroidheater.com\/wp-content\/uploads\/2020\/10\/Super-Matroid.jpg","width":1908,"height":891,"caption":"Super Matroid"},"image":{"@id":"https:\/\/supermatroidheater.com\/es\/#\/schema\/logo\/image\/"},"sameAs":["https:\/\/www.instagram.com\/nakasawaresources_eor\/","https:\/\/www.linkedin.com\/company\/nakasawaresources\/","https:\/\/www.youtube.com\/channel\/UCQ_asGVhgUF22xXBg7wqF2g\/featured"]}]}},"_links":{"self":[{"href":"https:\/\/supermatroidheater.com\/es\/wp-json\/wp\/v2\/pages\/381","targetHints":{"allow":["GET"]}}],"collection":[{"href":"https:\/\/supermatroidheater.com\/es\/wp-json\/wp\/v2\/pages"}],"about":[{"href":"https:\/\/supermatroidheater.com\/es\/wp-json\/wp\/v2\/types\/page"}],"author":[{"embeddable":true,"href":"https:\/\/supermatroidheater.com\/es\/wp-json\/wp\/v2\/users\/2"}],"replies":[{"embeddable":true,"href":"https:\/\/supermatroidheater.com\/es\/wp-json\/wp\/v2\/comments?post=381"}],"version-history":[{"count":78,"href":"https:\/\/supermatroidheater.com\/es\/wp-json\/wp\/v2\/pages\/381\/revisions"}],"predecessor-version":[{"id":2380,"href":"https:\/\/supermatroidheater.com\/es\/wp-json\/wp\/v2\/pages\/381\/revisions\/2380"}],"wp:attachment":[{"href":"https:\/\/supermatroidheater.com\/es\/wp-json\/wp\/v2\/media?parent=381"}],"curies":[{"name":"wp","href":"https:\/\/api.w.org\/{rel}","templated":true}]}}