{"id":2205,"date":"2021-02-12T07:58:22","date_gmt":"2021-02-12T13:58:22","guid":{"rendered":"https:\/\/supermatroidheater.com\/?page_id=2205"},"modified":"2023-12-05T12:18:46","modified_gmt":"2023-12-05T11:18:46","slug":"diferenciacion","status":"publish","type":"page","link":"https:\/\/supermatroidheater.com\/es\/diferenciacion\/","title":{"rendered":"Diferenciaci\u00f3n"},"content":{"rendered":"<div class=\"wpb-content-wrapper\"><p>[vc_row css=&#8221;.vc_custom_1613510964297{margin-top: 18rem !important;}&#8221;][vc_column][vc_empty_space][vc_custom_heading text=&#8221;\u00bfQU\u00c9 NOS HACE DIFERENTES?&#8221; font_container=&#8221;tag:h3|font_size:20px|text_align:left|color:%23f65b47|line_height:25px&#8221; use_theme_fonts=&#8221;yes&#8221;][vc_empty_space][\/vc_column][\/vc_row][vc_row][vc_column width=&#8221;1\/2&#8243;][vc_single_image image=&#8221;2463&#8243; img_size=&#8221;full&#8221;][\/vc_column][vc_column width=&#8221;1\/2&#8243;][vc_custom_heading text=&#8221;SERVICIO&#8221; font_container=&#8221;tag:h3|font_size:20px|text_align:left|color:%23000000|line_height:25px&#8221; use_theme_fonts=&#8221;yes&#8221;][vc_column_text]El control y monitoreo diario de par\u00e1metros se realiza a trav\u00e9s de los sistemas de Supervisi\u00f3n, Control y Adquisici\u00f3n de Datos (SCADA), radio y\/o fibra \u00f3ptica que permiten la ejecuci\u00f3n de acciones en tiempo real y la medici\u00f3n autom\u00e1tica de par\u00e1metros operacionales y condiciones de superficie, entre ellos:<\/p>\n<p>\u2022 Temperatura.<br \/>\n\u2022 Presi\u00f3n.<br \/>\n\u2022 Tasa de inyecci\u00f3n.[\/vc_column_text][vc_column_text][\/vc_column_text][\/vc_column][\/vc_row][vc_row][vc_column width=&#8221;1\/2&#8243;][vc_custom_heading text=&#8221;SOPORTE&#8221; font_container=&#8221;tag:h3|font_size:20px|text_align:left|color:%23000000|line_height:25px&#8221; use_theme_fonts=&#8221;yes&#8221;][vc_column_text]Nakasawa Resources acompa\u00f1a a sus clientes durante todo el proceso de inyecci\u00f3n de vapor.<\/p>\n<ul>\n<li>An\u00e1lisis de yacimientos.<\/li>\n<li>Servicios y operaci\u00f3n de los generadores de<br \/>\nvapor y todos los equipos, y servicios auxiliares.<\/li>\n<li>Sistemas de completaci\u00f3n y equipos para pozos<br \/>\nde inyecci\u00f3n.<\/li>\n<li>Sistema de completaci\u00f3n y equipos para pozos<br \/>\nproductores.<\/li>\n<li>Monitoreo de las variables del yacimiento,<br \/>\noptimizaci\u00f3n y producci\u00f3n.<\/li>\n<\/ul>\n<p>[\/vc_column_text][\/vc_column][vc_column width=&#8221;1\/2&#8243;][vc_single_image image=&#8221;2457&#8243; img_size=&#8221;full&#8221;][\/vc_column][\/vc_row][vc_row][vc_column width=&#8221;1\/2&#8243;][vc_single_image image=&#8221;2534&#8243; img_size=&#8221;full&#8221;][\/vc_column][vc_column width=&#8221;1\/2&#8243;][vc_custom_heading text=&#8221;AUTOMATIZACI\u00d3N&#8221; font_container=&#8221;tag:h3|font_size:20px|text_align:left|color:%23000000|line_height:25px&#8221; use_theme_fonts=&#8221;yes&#8221;][vc_column_text]Los servicios de Nakasawa incorporan la monitorizaci\u00f3n de los par\u00e1metros operativos durante las etapas de inyecci\u00f3n y post-inyecci\u00f3n para mantener un estrecho control de todas las operaciones y garantizar el \u00f3ptimo rendimiento de los equipos.<\/p>\n<p>Los sistemas Super Matroid Heater y Super Matroid Cyclone cuentan con sensores de \u00faltima tecnolog\u00eda para medir los par\u00e1metros de fondo de pozo y de superficie. Esta configuraci\u00f3n tambi\u00e9n permite detectar con antelaci\u00f3n posibles problemas y agilizar el proceso de toma de decisiones.[\/vc_column_text][vc_column_text][\/vc_column_text][\/vc_column][\/vc_row][vc_row][vc_column width=&#8221;1\/2&#8243;][vc_custom_heading text=&#8221;CONTROL Y SUPERVISI\u00d3N EN TIEMPO REAL&#8221; font_container=&#8221;tag:h3|font_size:20px|text_align:left|color:%23000000|line_height:25px&#8221; use_theme_fonts=&#8221;yes&#8221;][vc_column_text]Todos los datos se recogen y se integran en un PLC (controlador l\u00f3gico programable) maestro vinculado a una base de datos central, lo que garantiza su accesibilidad a trav\u00e9s de una aplicaci\u00f3n que permite a los usuarios ver el estado actual del proceso de generaci\u00f3n e inyecci\u00f3n de vapor en tiempo real y en todos los dispositivos m\u00f3viles.<\/p>\n<p>Por medio del proceso de automatizaci\u00f3n es posible generar gr\u00e1ficos, segundo a segundo, de tendencia de presi\u00f3n y temperatura para agilizar la toma de acciones y la optimizaci\u00f3n de la producci\u00f3n en tiempo real.[\/vc_column_text][\/vc_column][vc_column width=&#8221;1\/2&#8243;][vc_single_image image=&#8221;2528&#8243; img_size=&#8221;full&#8221;][\/vc_column][\/vc_row]<\/p>\n<\/div>","protected":false},"excerpt":{"rendered":"<p>[vc_row css=&#8221;.vc_custom_1613510964297{margin-top: 18rem !important;}&#8221;][vc_column][vc_empty_space][vc_custom_heading text=&#8221;\u00bfQU\u00c9 NOS HACE DIFERENTES?&#8221; font_container=&#8221;tag:h3|font_size:20px|text_align:left|color:%23f65b47|line_height:25px&#8221; use_theme_fonts=&#8221;yes&#8221;][vc_empty_space][\/vc_column][\/vc_row][vc_row][vc_column width=&#8221;1\/2&#8243;][vc_single_image image=&#8221;2463&#8243; img_size=&#8221;full&#8221;][\/vc_column][vc_column width=&#8221;1\/2&#8243;][vc_custom_heading text=&#8221;SERVICIO&#8221; font_container=&#8221;tag:h3|font_size:20px|text_align:left|color:%23000000|line_height:25px&#8221; use_theme_fonts=&#8221;yes&#8221;][vc_column_text]El control y monitoreo diario de par\u00e1metros se realiza a trav\u00e9s de los sistemas de Supervisi\u00f3n, Control y Adquisici\u00f3n de Datos (SCADA), radio y\/o fibra \u00f3ptica que permiten la ejecuci\u00f3n de acciones en tiempo real y la medici\u00f3n autom\u00e1tica &hellip; <\/br><a href=\"https:\/\/supermatroidheater.com\/es\/diferenciacion\/\" class=\"more-link\">Continue reading <span class=\"screen-reader-text\">Diferenciaci\u00f3n<\/span> <i class=\"fa fa-long-arrow-right\"><\/i><\/a><\/p>\n","protected":false},"author":2,"featured_media":0,"parent":0,"menu_order":0,"comment_status":"closed","ping_status":"closed","template":"","meta":{"nf_dc_page":"","footnotes":""},"class_list":["post-2205","page","type-page","status-publish","hentry"],"yoast_head":"<!-- This site is optimized with the Yoast SEO plugin v27.4 - https:\/\/yoast.com\/product\/yoast-seo-wordpress\/ -->\n<title>Diferenciaci\u00f3n - Super Matroid Heater<\/title>\n<meta name=\"description\" content=\"En Nakasawa enfocamos nuestros esfuerzos en la automatizaci\u00f3n, la eficiencia y la medici\u00f3n de los par\u00e1metros de operaci\u00f3n como los aspectos fundamentales para mejorar y garantizar el \u00e9xito en nuestros productos y servicios.\" \/>\n<meta name=\"robots\" content=\"index, follow, max-snippet:-1, max-image-preview:large, max-video-preview:-1\" \/>\n<link rel=\"canonical\" href=\"https:\/\/supermatroidheater.com\/es\/diferenciacion\/\" \/>\n<meta property=\"og:locale\" content=\"es_ES\" \/>\n<meta property=\"og:type\" content=\"article\" \/>\n<meta property=\"og:title\" content=\"DIGITALIZACI\u00d3N\" \/>\n<meta property=\"og:description\" content=\"En Nakasawa enfocamos nuestros esfuerzos en la automatizaci\u00f3n, la eficiencia y la medici\u00f3n de los par\u00e1metros de operaci\u00f3n como los aspectos fundamentales para mejorar y garantizar el \u00e9xito en nuestros productos y servicios.\" \/>\n<meta property=\"og:url\" content=\"https:\/\/supermatroidheater.com\/es\/diferenciacion\/\" \/>\n<meta property=\"og:site_name\" content=\"Super Matroid Heater\" \/>\n<meta property=\"article:modified_time\" content=\"2023-12-05T11:18:46+00:00\" \/>\n<meta property=\"og:image\" content=\"https:\/\/supermatroidheater.com\/wp-content\/uploads\/2020\/10\/LSH_8661-scaled.jpg\" \/>\n\t<meta property=\"og:image:width\" content=\"2560\" \/>\n\t<meta property=\"og:image:height\" content=\"1703\" \/>\n\t<meta property=\"og:image:type\" content=\"image\/jpeg\" \/>\n<meta name=\"twitter:card\" content=\"summary_large_image\" \/>\n<meta name=\"twitter:title\" content=\"DIGITALIZACI\u00d3N\" \/>\n<meta name=\"twitter:description\" content=\"En Nakasawa enfocamos nuestros esfuerzos en la automatizaci\u00f3n, la eficiencia y la medici\u00f3n de los par\u00e1metros de operaci\u00f3n como los aspectos fundamentales para mejorar y garantizar el \u00e9xito en nuestros productos y servicios.\" \/>\n<meta name=\"twitter:image\" content=\"https:\/\/supermatroidheater.com\/wp-content\/uploads\/2020\/10\/LSH_8661-scaled.jpg\" \/>\n<meta name=\"twitter:label1\" content=\"Tiempo de lectura\" \/>\n\t<meta name=\"twitter:data1\" content=\"2 minutos\" \/>\n<script type=\"application\/ld+json\" class=\"yoast-schema-graph\">{\"@context\":\"https:\\\/\\\/schema.org\",\"@graph\":[{\"@type\":\"WebPage\",\"@id\":\"https:\\\/\\\/supermatroidheater.com\\\/es\\\/diferenciacion\\\/\",\"url\":\"https:\\\/\\\/supermatroidheater.com\\\/es\\\/diferenciacion\\\/\",\"name\":\"Diferenciaci\u00f3n - Super Matroid Heater\",\"isPartOf\":{\"@id\":\"https:\\\/\\\/supermatroidheater.com\\\/es\\\/#website\"},\"datePublished\":\"2021-02-12T13:58:22+00:00\",\"dateModified\":\"2023-12-05T11:18:46+00:00\",\"description\":\"En Nakasawa enfocamos nuestros esfuerzos en la automatizaci\u00f3n, la eficiencia y la medici\u00f3n de los par\u00e1metros de operaci\u00f3n como los aspectos fundamentales para mejorar y garantizar el \u00e9xito en nuestros productos y servicios.\",\"breadcrumb\":{\"@id\":\"https:\\\/\\\/supermatroidheater.com\\\/es\\\/diferenciacion\\\/#breadcrumb\"},\"inLanguage\":\"es\",\"potentialAction\":[{\"@type\":\"ReadAction\",\"target\":[\"https:\\\/\\\/supermatroidheater.com\\\/es\\\/diferenciacion\\\/\"]}]},{\"@type\":\"BreadcrumbList\",\"@id\":\"https:\\\/\\\/supermatroidheater.com\\\/es\\\/diferenciacion\\\/#breadcrumb\",\"itemListElement\":[{\"@type\":\"ListItem\",\"position\":1,\"name\":\"Portada\",\"item\":\"https:\\\/\\\/supermatroidheater.com\\\/es\\\/\"},{\"@type\":\"ListItem\",\"position\":2,\"name\":\"Diferenciaci\u00f3n\"}]},{\"@type\":\"WebSite\",\"@id\":\"https:\\\/\\\/supermatroidheater.com\\\/es\\\/#website\",\"url\":\"https:\\\/\\\/supermatroidheater.com\\\/es\\\/\",\"name\":\"Super Matroid Heater\",\"description\":\"Super Matroid Heater \u00faltima tecnolog\u00eda de Nakasawa para optimizar la recuperaci\u00f3n de petr\u00f3leo durante todo el proceso de producci\u00f3n frente a un OTSG convencional\",\"publisher\":{\"@id\":\"https:\\\/\\\/supermatroidheater.com\\\/es\\\/#organization\"},\"potentialAction\":[{\"@type\":\"SearchAction\",\"target\":{\"@type\":\"EntryPoint\",\"urlTemplate\":\"https:\\\/\\\/supermatroidheater.com\\\/es\\\/?s={search_term_string}\"},\"query-input\":{\"@type\":\"PropertyValueSpecification\",\"valueRequired\":true,\"valueName\":\"search_term_string\"}}],\"inLanguage\":\"es\"},{\"@type\":\"Organization\",\"@id\":\"https:\\\/\\\/supermatroidheater.com\\\/es\\\/#organization\",\"name\":\"Super Matroid\",\"url\":\"https:\\\/\\\/supermatroidheater.com\\\/es\\\/\",\"logo\":{\"@type\":\"ImageObject\",\"inLanguage\":\"es\",\"@id\":\"https:\\\/\\\/supermatroidheater.com\\\/es\\\/#\\\/schema\\\/logo\\\/image\\\/\",\"url\":\"https:\\\/\\\/supermatroidheater.com\\\/wp-content\\\/uploads\\\/2020\\\/10\\\/Super-Matroid.jpg\",\"contentUrl\":\"https:\\\/\\\/supermatroidheater.com\\\/wp-content\\\/uploads\\\/2020\\\/10\\\/Super-Matroid.jpg\",\"width\":1908,\"height\":891,\"caption\":\"Super Matroid\"},\"image\":{\"@id\":\"https:\\\/\\\/supermatroidheater.com\\\/es\\\/#\\\/schema\\\/logo\\\/image\\\/\"},\"sameAs\":[\"https:\\\/\\\/www.instagram.com\\\/nakasawaresources_eor\\\/\",\"https:\\\/\\\/www.linkedin.com\\\/company\\\/nakasawaresources\\\/\",\"https:\\\/\\\/www.youtube.com\\\/channel\\\/UCQ_asGVhgUF22xXBg7wqF2g\\\/featured\"]}]}<\/script>\n<!-- \/ Yoast SEO plugin. -->","yoast_head_json":{"title":"Diferenciaci\u00f3n - Super Matroid Heater","description":"En Nakasawa enfocamos nuestros esfuerzos en la automatizaci\u00f3n, la eficiencia y la medici\u00f3n de los par\u00e1metros de operaci\u00f3n como los aspectos fundamentales para mejorar y garantizar el \u00e9xito en nuestros productos y servicios.","robots":{"index":"index","follow":"follow","max-snippet":"max-snippet:-1","max-image-preview":"max-image-preview:large","max-video-preview":"max-video-preview:-1"},"canonical":"https:\/\/supermatroidheater.com\/es\/diferenciacion\/","og_locale":"es_ES","og_type":"article","og_title":"DIGITALIZACI\u00d3N","og_description":"En Nakasawa enfocamos nuestros esfuerzos en la automatizaci\u00f3n, la eficiencia y la medici\u00f3n de los par\u00e1metros de operaci\u00f3n como los aspectos fundamentales para mejorar y garantizar el \u00e9xito en nuestros productos y servicios.","og_url":"https:\/\/supermatroidheater.com\/es\/diferenciacion\/","og_site_name":"Super Matroid Heater","article_modified_time":"2023-12-05T11:18:46+00:00","og_image":[{"width":2560,"height":1703,"url":"https:\/\/supermatroidheater.com\/wp-content\/uploads\/2020\/10\/LSH_8661-scaled.jpg","type":"image\/jpeg"}],"twitter_card":"summary_large_image","twitter_title":"DIGITALIZACI\u00d3N","twitter_description":"En Nakasawa enfocamos nuestros esfuerzos en la automatizaci\u00f3n, la eficiencia y la medici\u00f3n de los par\u00e1metros de operaci\u00f3n como los aspectos fundamentales para mejorar y garantizar el \u00e9xito en nuestros productos y servicios.","twitter_image":"https:\/\/supermatroidheater.com\/wp-content\/uploads\/2020\/10\/LSH_8661-scaled.jpg","twitter_misc":{"Tiempo de lectura":"2 minutos"},"schema":{"@context":"https:\/\/schema.org","@graph":[{"@type":"WebPage","@id":"https:\/\/supermatroidheater.com\/es\/diferenciacion\/","url":"https:\/\/supermatroidheater.com\/es\/diferenciacion\/","name":"Diferenciaci\u00f3n - Super Matroid Heater","isPartOf":{"@id":"https:\/\/supermatroidheater.com\/es\/#website"},"datePublished":"2021-02-12T13:58:22+00:00","dateModified":"2023-12-05T11:18:46+00:00","description":"En Nakasawa enfocamos nuestros esfuerzos en la automatizaci\u00f3n, la eficiencia y la medici\u00f3n de los par\u00e1metros de operaci\u00f3n como los aspectos fundamentales para mejorar y garantizar el \u00e9xito en nuestros productos y servicios.","breadcrumb":{"@id":"https:\/\/supermatroidheater.com\/es\/diferenciacion\/#breadcrumb"},"inLanguage":"es","potentialAction":[{"@type":"ReadAction","target":["https:\/\/supermatroidheater.com\/es\/diferenciacion\/"]}]},{"@type":"BreadcrumbList","@id":"https:\/\/supermatroidheater.com\/es\/diferenciacion\/#breadcrumb","itemListElement":[{"@type":"ListItem","position":1,"name":"Portada","item":"https:\/\/supermatroidheater.com\/es\/"},{"@type":"ListItem","position":2,"name":"Diferenciaci\u00f3n"}]},{"@type":"WebSite","@id":"https:\/\/supermatroidheater.com\/es\/#website","url":"https:\/\/supermatroidheater.com\/es\/","name":"Super Matroid Heater","description":"Super Matroid Heater \u00faltima tecnolog\u00eda de Nakasawa para optimizar la recuperaci\u00f3n de petr\u00f3leo durante todo el proceso de producci\u00f3n frente a un OTSG convencional","publisher":{"@id":"https:\/\/supermatroidheater.com\/es\/#organization"},"potentialAction":[{"@type":"SearchAction","target":{"@type":"EntryPoint","urlTemplate":"https:\/\/supermatroidheater.com\/es\/?s={search_term_string}"},"query-input":{"@type":"PropertyValueSpecification","valueRequired":true,"valueName":"search_term_string"}}],"inLanguage":"es"},{"@type":"Organization","@id":"https:\/\/supermatroidheater.com\/es\/#organization","name":"Super Matroid","url":"https:\/\/supermatroidheater.com\/es\/","logo":{"@type":"ImageObject","inLanguage":"es","@id":"https:\/\/supermatroidheater.com\/es\/#\/schema\/logo\/image\/","url":"https:\/\/supermatroidheater.com\/wp-content\/uploads\/2020\/10\/Super-Matroid.jpg","contentUrl":"https:\/\/supermatroidheater.com\/wp-content\/uploads\/2020\/10\/Super-Matroid.jpg","width":1908,"height":891,"caption":"Super Matroid"},"image":{"@id":"https:\/\/supermatroidheater.com\/es\/#\/schema\/logo\/image\/"},"sameAs":["https:\/\/www.instagram.com\/nakasawaresources_eor\/","https:\/\/www.linkedin.com\/company\/nakasawaresources\/","https:\/\/www.youtube.com\/channel\/UCQ_asGVhgUF22xXBg7wqF2g\/featured"]}]}},"_links":{"self":[{"href":"https:\/\/supermatroidheater.com\/es\/wp-json\/wp\/v2\/pages\/2205","targetHints":{"allow":["GET"]}}],"collection":[{"href":"https:\/\/supermatroidheater.com\/es\/wp-json\/wp\/v2\/pages"}],"about":[{"href":"https:\/\/supermatroidheater.com\/es\/wp-json\/wp\/v2\/types\/page"}],"author":[{"embeddable":true,"href":"https:\/\/supermatroidheater.com\/es\/wp-json\/wp\/v2\/users\/2"}],"replies":[{"embeddable":true,"href":"https:\/\/supermatroidheater.com\/es\/wp-json\/wp\/v2\/comments?post=2205"}],"version-history":[{"count":24,"href":"https:\/\/supermatroidheater.com\/es\/wp-json\/wp\/v2\/pages\/2205\/revisions"}],"predecessor-version":[{"id":2538,"href":"https:\/\/supermatroidheater.com\/es\/wp-json\/wp\/v2\/pages\/2205\/revisions\/2538"}],"wp:attachment":[{"href":"https:\/\/supermatroidheater.com\/es\/wp-json\/wp\/v2\/media?parent=2205"}],"curies":[{"name":"wp","href":"https:\/\/api.w.org\/{rel}","templated":true}]}}