{"id":1390,"date":"2020-11-18T00:27:42","date_gmt":"2020-11-18T00:27:42","guid":{"rendered":"https:\/\/supermatroidheater.com\/?page_id=1390"},"modified":"2021-01-22T17:50:23","modified_gmt":"2021-01-22T23:50:23","slug":"preguntas-frecuentes","status":"publish","type":"page","link":"https:\/\/supermatroidheater.com\/es\/preguntas-frecuentes\/","title":{"rendered":"PREGUNTAS FRECUENTES"},"content":{"rendered":"<div class=\"wpb-content-wrapper\"><p>[vc_row css=&#8221;.vc_custom_1605659063844{margin-top: 16rem !important;}&#8221;][vc_column css=&#8221;.vc_custom_1605899844729{padding-right: 10px !important;padding-left: 10px !important;}&#8221;][vc_row_inner css=&#8221;.vc_custom_1605668524439{margin-bottom: 35px !important;padding-bottom: 10px !important;background-color: #0b3254 !important;}&#8221;][vc_column_inner][vc_custom_heading text=&#8221;\u00bfQU\u00c9 ES LA TECNOLOG\u00cdA SUPER MATROID?&#8221; font_container=&#8221;tag:h3|text_align:left|color:%23ffffff&#8221; google_fonts=&#8221;font_family:Roboto%3A100%2C100italic%2C300%2C300italic%2Cregular%2Citalic%2C500%2C500italic%2C700%2C700italic%2C900%2C900italic|font_style:700%20bold%20regular%3A700%3Anormal&#8221; css_animation=&#8221;fadeInLeft&#8221;][\/vc_column_inner][\/vc_row_inner][vc_column_text]<span style=\"font-weight: 400;\">El Super Matroid Heater\u2122 (SMH) y Super Matroid Cyclone\u2122 (SMC) son dos sistemas innovadores creados por el equipo de Nakasawa que utilizan la tecnolog\u00eda Super Matroid, la cual asegura el incremento de las ganancias por concepto de petr\u00f3leo producido, resultando en una proyecci\u00f3n de mayor valor debido a su tecnolog\u00eda innovadora.<\/span>[\/vc_column_text][vc_column_text]<span style=\"font-weight: 400;\">Estos sistemas permiten incrementar la transferencia de calor al yacimiento teniendo mayor eficiencia t\u00e9rmica, mejorando la calidad de vapor en superficie y a nivel de yacimiento, e incrementando la productividad de los yacimientos. <\/span>[\/vc_column_text][\/vc_column][\/vc_row][vc_row css=&#8221;.vc_custom_1605899873236{padding-right: 10px !important;padding-left: 10px !important;}&#8221;][vc_column][vc_row_inner css=&#8221;.vc_custom_1605668631003{margin-bottom: 35px !important;padding-bottom: 10px !important;background-color: #0b3254 !important;}&#8221;][vc_column_inner][vc_custom_heading text=&#8221;\u00bfC\u00d3MO SE DIFERENCIA EL Super Matroid Heater\u2122 (SMH) DEL Super Matroid Cyclone\u2122 (SMC)?&#8221; font_container=&#8221;tag:h3|text_align:left|color:%23ffffff&#8221; google_fonts=&#8221;font_family:Roboto%3A100%2C100italic%2C300%2C300italic%2Cregular%2Citalic%2C500%2C500italic%2C700%2C700italic%2C900%2C900italic|font_style:700%20bold%20regular%3A700%3Anormal&#8221; css_animation=&#8221;fadeInLeft&#8221;][\/vc_column_inner][\/vc_row_inner][vc_column_text]<span style=\"font-weight: 400;\">Nakasawa cuenta con soluciones que se ajustan a las necesidades espec\u00edficas de sus clientes. Es por eso que la empresa se complace en presentar dos de sus m\u00e1s recientes innovaciones, las cuales est\u00e1n dedicadas a transformar la industria petrolera:<\/span><\/p>\n<ul>\n<li style=\"font-weight: 400;\"><b>El Super Matroid Heater\u2122 (SMH)<\/b><span style=\"font-weight: 400;\"><span style=\"font-weight: 400;\"> : <\/span><\/span>Un sistema completo, dedicado a generar e inyectar alta calidad de vapor en pozos petroleros. Cuenta con una tecnolog\u00eda avanzada que incentiva la producci\u00f3n de m\u00e1s petr\u00f3leo; as\u00ed como la disminuci\u00f3n de gastos y tiempo de operaci\u00f3n mediante un proceso m\u00e1s sostenible y rentable<\/li>\n<li><b>El Super Matroid Cyclone\u2122 (SMC): <\/b>El SMC es una soluci\u00f3n disponible para clientes que tengan un OTSG convencional y busquen potenciar su productividad, adaptando las mismas capacidades de un SMH. La tecnolog\u00eda que se implementa en el SMH es adaptable a cualquier OTSG convencional garantizando los mismos resultados del SMH.<b><\/b><\/li>\n<\/ul>\n<p>[\/vc_column_text][\/vc_column][\/vc_row][vc_row css=&#8221;.vc_custom_1605899889035{padding-right: 10px !important;padding-left: 10px !important;}&#8221;][vc_column][vc_row_inner css=&#8221;.vc_custom_1605668688495{margin-bottom: 35px !important;padding-bottom: 10px !important;background-color: #0b3254 !important;}&#8221;][vc_column_inner][vc_custom_heading text=&#8221;\u00bfD\u00d3NDE SE PUEDE APLICAR LA TECNOLOG\u00cdA SMH?&#8221; font_container=&#8221;tag:h3|text_align:left|color:%23ffffff&#8221; google_fonts=&#8221;font_family:Roboto%3A100%2C100italic%2C300%2C300italic%2Cregular%2Citalic%2C500%2C500italic%2C700%2C700italic%2C900%2C900italic|font_style:700%20bold%20regular%3A700%3Anormal&#8221; css_animation=&#8221;fadeInLeft&#8221;][\/vc_column_inner][\/vc_row_inner][vc_column_text]<span style=\"font-weight: 400;\">El SMH y el SMC de Nakasawa pueden ser aplicados en Proyectos de Inyecci\u00f3n C\u00edclica de Vapor (IAV), para aumentar el factor de recuperaci\u00f3n de los yacimientos de crudos pesados a trav\u00e9s de la entrega de alta calidad de vapor en el fondo de los pozos. Su aplicabilidad tambi\u00e9n se puede extender a Proyectos de Inyecci\u00f3n Continua de Vapor, tales como ICV (inyecci\u00f3n continua de vapor, arreglo m\u00faltiples o sencillos) y SW-SAGD \/ SAGD; HASD. <\/span>[\/vc_column_text][\/vc_column][\/vc_row][vc_row css=&#8221;.vc_custom_1605899896490{padding-right: 10px !important;padding-left: 10px !important;}&#8221;][vc_column][vc_row_inner css=&#8221;.vc_custom_1605668733970{margin-bottom: 35px !important;padding-bottom: 10px !important;background-color: #0b3254 !important;}&#8221;][vc_column_inner][vc_custom_heading text=&#8221;\u00bfC\u00d3MO SE DIFERENCIA LA TECNOLOG\u00cdA SUPER MATROID HEATER A LA TECNOLOG\u00cdA CONVENCIONAL?&#8221; font_container=&#8221;tag:h3|text_align:left|color:%23ffffff&#8221; google_fonts=&#8221;font_family:Roboto%3A100%2C100italic%2C300%2C300italic%2Cregular%2Citalic%2C500%2C500italic%2C700%2C700italic%2C900%2C900italic|font_style:700%20bold%20regular%3A700%3Anormal&#8221; css_animation=&#8221;fadeInLeft&#8221;][\/vc_column_inner][\/vc_row_inner][vc_column_text]<span style=\"font-weight: 400;\">Gracias a su tecnolog\u00eda vanguardista de generaci\u00f3n de vapor el SMH y el SMC incentivan el incremento de las ganancias por concepto de petr\u00f3leo producido, resultando en una proyecci\u00f3n de mayor valor, la cual genera los siguientes beneficios:<\/span><\/p>\n<ul>\n<li><span style=\"font-weight: 400;\">Vapor con m\u00e1s del 95% de calidad.<\/span><\/li>\n<li style=\"font-weight: 400;\">Un 12% menos de consumo de agua y gas combustible.<\/li>\n<li style=\"font-weight: 400;\">Sobre un 15% de incremento de producci\u00f3n de crudo por encima de las t\u00e9cnicas convencionales OTSG.<\/li>\n<li style=\"font-weight: 400;\">Ahorros de hasta un 25% en costos operacionales.<\/li>\n<\/ul>\n<p>[\/vc_column_text][\/vc_column][\/vc_row]<\/p>\n<\/div>","protected":false},"excerpt":{"rendered":"<p>[vc_row css=&#8221;.vc_custom_1605659063844{margin-top: 16rem !important;}&#8221;][vc_column css=&#8221;.vc_custom_1605899844729{padding-right: 10px !important;padding-left: 10px !important;}&#8221;][vc_row_inner css=&#8221;.vc_custom_1605668524439{margin-bottom: 35px !important;padding-bottom: 10px !important;background-color: #0b3254 !important;}&#8221;][vc_column_inner][vc_custom_heading text=&#8221;\u00bfQU\u00c9 ES LA TECNOLOG\u00cdA SUPER MATROID?&#8221; font_container=&#8221;tag:h3|text_align:left|color:%23ffffff&#8221; google_fonts=&#8221;font_family:Roboto%3A100%2C100italic%2C300%2C300italic%2Cregular%2Citalic%2C500%2C500italic%2C700%2C700italic%2C900%2C900italic|font_style:700%20bold%20regular%3A700%3Anormal&#8221; css_animation=&#8221;fadeInLeft&#8221;][\/vc_column_inner][\/vc_row_inner][vc_column_text]El Super Matroid Heater\u2122 (SMH) y Super Matroid Cyclone\u2122 (SMC) son dos sistemas innovadores creados por el equipo de Nakasawa que utilizan la tecnolog\u00eda Super Matroid, la cual asegura el incremento &hellip; <\/br><a href=\"https:\/\/supermatroidheater.com\/es\/preguntas-frecuentes\/\" class=\"more-link\">Continue reading <span class=\"screen-reader-text\">PREGUNTAS FRECUENTES<\/span> <i class=\"fa fa-long-arrow-right\"><\/i><\/a><\/p>\n","protected":false},"author":2,"featured_media":0,"parent":0,"menu_order":0,"comment_status":"closed","ping_status":"closed","template":"","meta":{"nf_dc_page":"","footnotes":""},"class_list":["post-1390","page","type-page","status-publish","hentry"],"yoast_head":"<!-- This site is optimized with the Yoast SEO plugin v27.4 - https:\/\/yoast.com\/product\/yoast-seo-wordpress\/ -->\n<title>PREGUNTAS FRECUENTES - Super Matroid Heater<\/title>\n<meta name=\"description\" content=\"Encuentra respuestas a las preguntas m\u00e1s frecuentes sobre Nakasawa, Super Matroid Heater y Cyclone y su valor frente a un OTSG convencional\" \/>\n<meta name=\"robots\" content=\"index, follow, max-snippet:-1, max-image-preview:large, max-video-preview:-1\" \/>\n<link rel=\"canonical\" href=\"https:\/\/supermatroidheater.com\/es\/preguntas-frecuentes\/\" \/>\n<meta property=\"og:locale\" content=\"es_ES\" \/>\n<meta property=\"og:type\" content=\"article\" \/>\n<meta property=\"og:title\" content=\"PREGUNTAS FRECUENTES - Super Matroid Heater\" \/>\n<meta property=\"og:description\" content=\"Encuentra respuestas a las preguntas m\u00e1s frecuentes sobre Nakasawa, Super Matroid Heater y Cyclone y su valor frente a un OTSG convencional\" \/>\n<meta property=\"og:url\" content=\"https:\/\/supermatroidheater.com\/es\/preguntas-frecuentes\/\" \/>\n<meta property=\"og:site_name\" content=\"Super Matroid Heater\" \/>\n<meta property=\"article:modified_time\" content=\"2021-01-22T23:50:23+00:00\" \/>\n<meta property=\"og:image\" content=\"https:\/\/supermatroidheater.com\/wp-content\/uploads\/2020\/10\/LSH_8661-scaled.jpg\" \/>\n\t<meta property=\"og:image:width\" content=\"2560\" \/>\n\t<meta property=\"og:image:height\" content=\"1703\" \/>\n\t<meta property=\"og:image:type\" content=\"image\/jpeg\" \/>\n<meta name=\"twitter:card\" content=\"summary_large_image\" \/>\n<meta name=\"twitter:title\" content=\"PREGUNTAS FRECUENTES - Super Matroid Heater\" \/>\n<meta name=\"twitter:description\" content=\"Encuentra respuestas a las preguntas m\u00e1s frecuentes sobre Nakasawa, Super Matroid Heater y Cyclone y su valor frente a un OTSG convencional\" \/>\n<meta name=\"twitter:image\" content=\"https:\/\/supermatroidheater.com\/wp-content\/uploads\/2020\/10\/LSH_8661-scaled.jpg\" \/>\n<meta name=\"twitter:label1\" content=\"Tiempo de lectura\" \/>\n\t<meta name=\"twitter:data1\" content=\"3 minutos\" \/>\n<script type=\"application\/ld+json\" class=\"yoast-schema-graph\">{\"@context\":\"https:\\\/\\\/schema.org\",\"@graph\":[{\"@type\":\"WebPage\",\"@id\":\"https:\\\/\\\/supermatroidheater.com\\\/es\\\/preguntas-frecuentes\\\/\",\"url\":\"https:\\\/\\\/supermatroidheater.com\\\/es\\\/preguntas-frecuentes\\\/\",\"name\":\"PREGUNTAS FRECUENTES - Super Matroid Heater\",\"isPartOf\":{\"@id\":\"https:\\\/\\\/supermatroidheater.com\\\/es\\\/#website\"},\"datePublished\":\"2020-11-18T00:27:42+00:00\",\"dateModified\":\"2021-01-22T23:50:23+00:00\",\"description\":\"Encuentra respuestas a las preguntas m\u00e1s frecuentes sobre Nakasawa, Super Matroid Heater y Cyclone y su valor frente a un OTSG convencional\",\"breadcrumb\":{\"@id\":\"https:\\\/\\\/supermatroidheater.com\\\/es\\\/preguntas-frecuentes\\\/#breadcrumb\"},\"inLanguage\":\"es\",\"potentialAction\":[{\"@type\":\"ReadAction\",\"target\":[\"https:\\\/\\\/supermatroidheater.com\\\/es\\\/preguntas-frecuentes\\\/\"]}]},{\"@type\":\"BreadcrumbList\",\"@id\":\"https:\\\/\\\/supermatroidheater.com\\\/es\\\/preguntas-frecuentes\\\/#breadcrumb\",\"itemListElement\":[{\"@type\":\"ListItem\",\"position\":1,\"name\":\"Portada\",\"item\":\"https:\\\/\\\/supermatroidheater.com\\\/es\\\/\"},{\"@type\":\"ListItem\",\"position\":2,\"name\":\"PREGUNTAS FRECUENTES\"}]},{\"@type\":\"WebSite\",\"@id\":\"https:\\\/\\\/supermatroidheater.com\\\/es\\\/#website\",\"url\":\"https:\\\/\\\/supermatroidheater.com\\\/es\\\/\",\"name\":\"Super Matroid Heater\",\"description\":\"Super Matroid Heater \u00faltima tecnolog\u00eda de Nakasawa para optimizar la recuperaci\u00f3n de petr\u00f3leo durante todo el proceso de producci\u00f3n frente a un OTSG convencional\",\"publisher\":{\"@id\":\"https:\\\/\\\/supermatroidheater.com\\\/es\\\/#organization\"},\"potentialAction\":[{\"@type\":\"SearchAction\",\"target\":{\"@type\":\"EntryPoint\",\"urlTemplate\":\"https:\\\/\\\/supermatroidheater.com\\\/es\\\/?s={search_term_string}\"},\"query-input\":{\"@type\":\"PropertyValueSpecification\",\"valueRequired\":true,\"valueName\":\"search_term_string\"}}],\"inLanguage\":\"es\"},{\"@type\":\"Organization\",\"@id\":\"https:\\\/\\\/supermatroidheater.com\\\/es\\\/#organization\",\"name\":\"Super Matroid\",\"url\":\"https:\\\/\\\/supermatroidheater.com\\\/es\\\/\",\"logo\":{\"@type\":\"ImageObject\",\"inLanguage\":\"es\",\"@id\":\"https:\\\/\\\/supermatroidheater.com\\\/es\\\/#\\\/schema\\\/logo\\\/image\\\/\",\"url\":\"https:\\\/\\\/supermatroidheater.com\\\/wp-content\\\/uploads\\\/2020\\\/10\\\/Super-Matroid.jpg\",\"contentUrl\":\"https:\\\/\\\/supermatroidheater.com\\\/wp-content\\\/uploads\\\/2020\\\/10\\\/Super-Matroid.jpg\",\"width\":1908,\"height\":891,\"caption\":\"Super Matroid\"},\"image\":{\"@id\":\"https:\\\/\\\/supermatroidheater.com\\\/es\\\/#\\\/schema\\\/logo\\\/image\\\/\"},\"sameAs\":[\"https:\\\/\\\/www.instagram.com\\\/nakasawaresources_eor\\\/\",\"https:\\\/\\\/www.linkedin.com\\\/company\\\/nakasawaresources\\\/\",\"https:\\\/\\\/www.youtube.com\\\/channel\\\/UCQ_asGVhgUF22xXBg7wqF2g\\\/featured\"]}]}<\/script>\n<!-- \/ Yoast SEO plugin. -->","yoast_head_json":{"title":"PREGUNTAS FRECUENTES - Super Matroid Heater","description":"Encuentra respuestas a las preguntas m\u00e1s frecuentes sobre Nakasawa, Super Matroid Heater y Cyclone y su valor frente a un OTSG convencional","robots":{"index":"index","follow":"follow","max-snippet":"max-snippet:-1","max-image-preview":"max-image-preview:large","max-video-preview":"max-video-preview:-1"},"canonical":"https:\/\/supermatroidheater.com\/es\/preguntas-frecuentes\/","og_locale":"es_ES","og_type":"article","og_title":"PREGUNTAS FRECUENTES - Super Matroid Heater","og_description":"Encuentra respuestas a las preguntas m\u00e1s frecuentes sobre Nakasawa, Super Matroid Heater y Cyclone y su valor frente a un OTSG convencional","og_url":"https:\/\/supermatroidheater.com\/es\/preguntas-frecuentes\/","og_site_name":"Super Matroid Heater","article_modified_time":"2021-01-22T23:50:23+00:00","og_image":[{"width":2560,"height":1703,"url":"https:\/\/supermatroidheater.com\/wp-content\/uploads\/2020\/10\/LSH_8661-scaled.jpg","type":"image\/jpeg"}],"twitter_card":"summary_large_image","twitter_title":"PREGUNTAS FRECUENTES - Super Matroid Heater","twitter_description":"Encuentra respuestas a las preguntas m\u00e1s frecuentes sobre Nakasawa, Super Matroid Heater y Cyclone y su valor frente a un OTSG convencional","twitter_image":"https:\/\/supermatroidheater.com\/wp-content\/uploads\/2020\/10\/LSH_8661-scaled.jpg","twitter_misc":{"Tiempo de lectura":"3 minutos"},"schema":{"@context":"https:\/\/schema.org","@graph":[{"@type":"WebPage","@id":"https:\/\/supermatroidheater.com\/es\/preguntas-frecuentes\/","url":"https:\/\/supermatroidheater.com\/es\/preguntas-frecuentes\/","name":"PREGUNTAS FRECUENTES - Super Matroid Heater","isPartOf":{"@id":"https:\/\/supermatroidheater.com\/es\/#website"},"datePublished":"2020-11-18T00:27:42+00:00","dateModified":"2021-01-22T23:50:23+00:00","description":"Encuentra respuestas a las preguntas m\u00e1s frecuentes sobre Nakasawa, Super Matroid Heater y Cyclone y su valor frente a un OTSG convencional","breadcrumb":{"@id":"https:\/\/supermatroidheater.com\/es\/preguntas-frecuentes\/#breadcrumb"},"inLanguage":"es","potentialAction":[{"@type":"ReadAction","target":["https:\/\/supermatroidheater.com\/es\/preguntas-frecuentes\/"]}]},{"@type":"BreadcrumbList","@id":"https:\/\/supermatroidheater.com\/es\/preguntas-frecuentes\/#breadcrumb","itemListElement":[{"@type":"ListItem","position":1,"name":"Portada","item":"https:\/\/supermatroidheater.com\/es\/"},{"@type":"ListItem","position":2,"name":"PREGUNTAS FRECUENTES"}]},{"@type":"WebSite","@id":"https:\/\/supermatroidheater.com\/es\/#website","url":"https:\/\/supermatroidheater.com\/es\/","name":"Super Matroid Heater","description":"Super Matroid Heater \u00faltima tecnolog\u00eda de Nakasawa para optimizar la recuperaci\u00f3n de petr\u00f3leo durante todo el proceso de producci\u00f3n frente a un OTSG convencional","publisher":{"@id":"https:\/\/supermatroidheater.com\/es\/#organization"},"potentialAction":[{"@type":"SearchAction","target":{"@type":"EntryPoint","urlTemplate":"https:\/\/supermatroidheater.com\/es\/?s={search_term_string}"},"query-input":{"@type":"PropertyValueSpecification","valueRequired":true,"valueName":"search_term_string"}}],"inLanguage":"es"},{"@type":"Organization","@id":"https:\/\/supermatroidheater.com\/es\/#organization","name":"Super Matroid","url":"https:\/\/supermatroidheater.com\/es\/","logo":{"@type":"ImageObject","inLanguage":"es","@id":"https:\/\/supermatroidheater.com\/es\/#\/schema\/logo\/image\/","url":"https:\/\/supermatroidheater.com\/wp-content\/uploads\/2020\/10\/Super-Matroid.jpg","contentUrl":"https:\/\/supermatroidheater.com\/wp-content\/uploads\/2020\/10\/Super-Matroid.jpg","width":1908,"height":891,"caption":"Super Matroid"},"image":{"@id":"https:\/\/supermatroidheater.com\/es\/#\/schema\/logo\/image\/"},"sameAs":["https:\/\/www.instagram.com\/nakasawaresources_eor\/","https:\/\/www.linkedin.com\/company\/nakasawaresources\/","https:\/\/www.youtube.com\/channel\/UCQ_asGVhgUF22xXBg7wqF2g\/featured"]}]}},"_links":{"self":[{"href":"https:\/\/supermatroidheater.com\/es\/wp-json\/wp\/v2\/pages\/1390","targetHints":{"allow":["GET"]}}],"collection":[{"href":"https:\/\/supermatroidheater.com\/es\/wp-json\/wp\/v2\/pages"}],"about":[{"href":"https:\/\/supermatroidheater.com\/es\/wp-json\/wp\/v2\/types\/page"}],"author":[{"embeddable":true,"href":"https:\/\/supermatroidheater.com\/es\/wp-json\/wp\/v2\/users\/2"}],"replies":[{"embeddable":true,"href":"https:\/\/supermatroidheater.com\/es\/wp-json\/wp\/v2\/comments?post=1390"}],"version-history":[{"count":12,"href":"https:\/\/supermatroidheater.com\/es\/wp-json\/wp\/v2\/pages\/1390\/revisions"}],"predecessor-version":[{"id":2036,"href":"https:\/\/supermatroidheater.com\/es\/wp-json\/wp\/v2\/pages\/1390\/revisions\/2036"}],"wp:attachment":[{"href":"https:\/\/supermatroidheater.com\/es\/wp-json\/wp\/v2\/media?parent=1390"}],"curies":[{"name":"wp","href":"https:\/\/api.w.org\/{rel}","templated":true}]}}